{"id":3030,"date":"2019-02-12T11:34:56","date_gmt":"2019-02-12T09:34:56","guid":{"rendered":"http:\/\/amiciimuzeuluizalau.ro\/croco\/?page_id=3030"},"modified":"2019-02-13T09:28:18","modified_gmt":"2019-02-13T07:28:18","slug":"despre-noi","status":"publish","type":"page","link":"https:\/\/amiciimuzeuluizalau.ro\/croco\/despre-noi\/","title":{"rendered":"Despre noi"},"content":{"rendered":"<p><a href=\"http:\/\/amiciimuzeuluizalau.ro\/croco\/wp-content\/uploads\/2014\/11\/sigla_final-01.jpg\"><img loading=\"lazy\" decoding=\"async\" class=\"alignnone size-thumbnail wp-image-226\" src=\"http:\/\/amiciimuzeuluizalau.ro\/croco\/wp-content\/uploads\/2014\/11\/sigla_final-01-150x150.jpg\" alt=\"sigla_final-01\" width=\"150\" height=\"150\"><\/a><a href=\"http:\/\/amiciimuzeuluizalau.ro\/croco\/wp-content\/uploads\/2014\/11\/10612831_808154422561979_6383270685813997899_n.jpg\"><img loading=\"lazy\" decoding=\"async\" class=\"alignnone size-thumbnail wp-image-17\" src=\"http:\/\/amiciimuzeuluizalau.ro\/croco\/wp-content\/uploads\/2014\/11\/10612831_808154422561979_6383270685813997899_n-150x150.jpg\" alt=\"10612831_808154422561979_6383270685813997899_n\" width=\"150\" height=\"150\"><\/a><a href=\"http:\/\/amiciimuzeuluizalau.ro\/croco\/wp-content\/uploads\/2014\/11\/SOC2298.jpg\"><img loading=\"lazy\" decoding=\"async\" class=\"alignnone size-thumbnail wp-image-1071\" src=\"http:\/\/amiciimuzeuluizalau.ro\/croco\/wp-content\/uploads\/2014\/11\/SOC2298-150x150.jpg\" alt=\"_SOC2298\" width=\"150\" height=\"150\"><\/a><\/p>\n<p>&nbsp;<\/p>\n<p><strong><em>&nbsp; &nbsp; &nbsp; &nbsp; &nbsp; &nbsp;<\/em><\/strong><strong><em>&nbsp;&nbsp;&nbsp; ASOCIA\u0162IA AMICII MUZEULUI &#8211; ZAL\u0102U<\/em><\/strong><\/p>\n<p><em>&nbsp;<\/em>\u00cen anul 2011 a fost fondat\u0103 Asocia\u021bia Amicii Muzeului de c\u0103tre un grup de arheologi din cadrul Muzeului Jude\u021bean de Istorie \u0219i Art\u0103 \u2013 Zal\u0103u. Asocia\u021bia Amicii Muzeului este persoan\u0103 juridic\u0103 de drept privat f\u0103r\u0103 scop patrimonial, apolitic\u0103, non-guvernamental\u0103, care urm\u0103re\u0219te exclusiv scopul pentru care s-a constituit, adic\u0103, cel de <em>promovare a culturii \u015fi a valorilor patrimoniale cu reprezentare regional\u0103. <\/em>\u00cenc\u0103 de la \u00eenceputurile sale, asocia\u021bia \u0219i-a propus s\u0103 promoveze activit\u0103\u021bile institu\u021biei muzeale din Zal\u0103u \u0219i \u00een acela\u0219i timp s\u0103 contribuie la valorizarea (\u00een Rom\u00e2nia \u0219i \u00een str\u0103in\u0103tate) vestigiilor antice aflate \u00een perimetrul <em>Complexului Arheologic Porolissum.<\/em><\/p>\n<p>\u00cen vederea promov\u0103rii patrimoniului arheologic antic s\u0103l\u0103jean, Asocia\u021bia Amicii Muzeului a optat (\u00een principal) pentru activit\u0103\u021bi de reconstituire istoric\u0103 (<em>living history<\/em> \u0219i <em>reenactment<\/em>) care vizeaz\u0103 diverse aspecte (civile \u0219i militare) ale vie\u021bii din <em>Dacia Porolissensis<\/em>, mai ales cele din zona grani\u021bei romane (<em>limes Porolissensis<\/em>). Asocia\u021bia are \u00een componen\u021b\u0103 mai multe grupuri de <em>reenactment<\/em> care \u00ee\u0219i propun s\u0103 reconstituie aspecte din via\u021ba solda\u021bilor romani de pe <em>limes Porolissensis, <\/em>din cadrul unor unit\u0103\u021bi militare (<em>vexillatio LEGIO VII GEMINA\/COHORS III<\/em> \u0219i <em>NVMERVS PALIMIRENORVM POROLISSENSIVM<\/em>), aflate \u00een componen\u021ba <em>EXERCITVS DACIAE POROLISSENSIS<\/em> \u0219i sta\u021bionate \u00een castrele de la Porolissum. Deoarece ne afl\u0103m \u00een zona de <em>limes<\/em>, zon\u0103 aflat\u0103 \u00een contact direct cu popula\u021biile din<em> barbaricum, <\/em>\u00een componen\u021ba asocia\u021biei se afl\u0103 \u0219i grupuri de <em>reenactment<\/em> care sunt orientate c\u0103tre civiliza\u021bia dacic\u0103, germanic\u0103 \u0219i cea sarmat\u0103 (<em>LUPII DACIEI<\/em> \u0219i <em>MAGNA SARMATIA<\/em>). Desigur c\u0103, nu este vizat\u0103 doar via\u021ba soldatului ci \u0219i cea a civilului fiind abordate astfel \u0219i aspecte legate ale petrecerea timpului liber (joaca \u0219i jocurile), medicin\u0103, me\u0219te\u0219uguri, \u0219coala, practici religioase \u0219i gastronomie \u00een antichitate.<\/p>\n<p>Reconstituirea istoric\u0103 reprezint\u0103 principala metod\u0103 prin care Asocia\u021bia Amicii Muzeului \u0219i-a propus s\u0103 promoveze patrimoniul antic s\u0103l\u0103jean. Aceasta nu este singura cale de promovare aleas\u0103, astfel c\u0103, cu acela\u0219i scop au fost sprijinite publica\u021bii \u0219tiin\u021bifice sau de promovare, organiz\u0103ri de expozi\u0163ii \u0219i simpozioane, proiecte educa\u0163ionale, au fost sus\u021binute prelegeri \u015ftiin\u0163ifice, au fost organizate concursuri cu teme istorice pentru copii, parteneriate \u00een cadrul unor proiecte culturale, particip\u0103ri la t\u00e2rguri de turism (locale, na\u021bionale, interna\u021bionale), particip\u0103ri la competi\u0163ii cu specific gastronomic, consultan\u0163\u0103 \u015ftiin\u0163ific\u0103 pe teme de istorie \u015fi reconstituire istoric\u0103.<\/p>\n<p>Multe din activit\u0103\u021bile desf\u0103\u0219urate de Asocia\u021bia Amicii Muzeului \u00een parteneriat cu Muzeul Jude\u021bean de Istorie \u0219i Art\u0103 \u2013 Zal\u0103u au vizat latura educa\u021bional\u0103. \u00cen acest sens au fost derulate o serie de proiecte \u00een care au fost implicate diverse \u0219coli din jude\u021bul S\u0103laj, urm\u0103rindu-se cre\u0219terea interesului categoriilor de elevi fa\u021b\u0103 de istoria antic\u0103 \u0219i a monumentelor sale, educarea lor \u00een spiritul protej\u0103rii patrimoniului arheologic \u0219i implicarea acestora \u00een studierea \u0219i cuno\u0219terea unor aspecte din via\u021ba comunit\u0103\u021bilor umane care au tr\u0103it aici \u00een antichitate.<\/p>\n","protected":false},"excerpt":{"rendered":"<p>&nbsp; &nbsp; &nbsp; &nbsp; &nbsp; &nbsp; &nbsp;&nbsp;&nbsp;&nbsp; ASOCIA&#354;IA AMICII MUZEULUI [&hellip;]<\/p>\n","protected":false},"author":1,"featured_media":0,"parent":0,"menu_order":0,"comment_status":"closed","ping_status":"closed","template":"","meta":{"ngg_post_thumbnail":0,"footnotes":""},"class_list":["post-3030","page","type-page","status-publish","hentry"],"yoast_head":"<!-- This site is optimized with the Yoast SEO plugin v27.0 - https:\/\/yoast.com\/product\/yoast-seo-wordpress\/ -->\n<title>Despre noi - ASOCIA\u021aIA AMICII MUZEULUI - ZAL\u0102U<\/title>\n<meta name=\"robots\" content=\"index, follow, max-snippet:-1, max-image-preview:large, max-video-preview:-1\" \/>\n<link rel=\"canonical\" href=\"https:\/\/amiciimuzeuluizalau.ro\/croco\/despre-noi\/\" \/>\n<meta property=\"og:locale\" content=\"ro_RO\" \/>\n<meta property=\"og:type\" content=\"article\" \/>\n<meta property=\"og:title\" content=\"Despre noi - ASOCIA\u021aIA AMICII MUZEULUI - ZAL\u0102U\" \/>\n<meta property=\"og:description\" content=\"&nbsp; &nbsp; &nbsp; &nbsp; &nbsp; &nbsp; &nbsp;&nbsp;&nbsp;&nbsp; ASOCIA&#354;IA AMICII MUZEULUI [&hellip;]\" \/>\n<meta property=\"og:url\" content=\"https:\/\/amiciimuzeuluizalau.ro\/croco\/despre-noi\/\" \/>\n<meta property=\"og:site_name\" content=\"ASOCIA\u021aIA AMICII MUZEULUI - ZAL\u0102U\" \/>\n<meta property=\"article:modified_time\" content=\"2019-02-13T07:28:18+00:00\" \/>\n<meta property=\"og:image\" content=\"http:\/\/amiciimuzeuluizalau.ro\/croco\/wp-content\/uploads\/2014\/11\/sigla_final-01-150x150.jpg\" \/>\n<meta name=\"twitter:label1\" content=\"Timp estimat pentru citire\" \/>\n\t<meta name=\"twitter:data1\" content=\"3 minute\" \/>\n<script type=\"application\/ld+json\" class=\"yoast-schema-graph\">{\"@context\":\"https:\/\/schema.org\",\"@graph\":[{\"@type\":\"WebPage\",\"@id\":\"https:\/\/amiciimuzeuluizalau.ro\/croco\/despre-noi\/\",\"url\":\"https:\/\/amiciimuzeuluizalau.ro\/croco\/despre-noi\/\",\"name\":\"Despre noi - ASOCIA\u021aIA AMICII MUZEULUI - ZAL\u0102U\",\"isPartOf\":{\"@id\":\"http:\/\/amiciimuzeuluizalau.ro\/croco\/#website\"},\"primaryImageOfPage\":{\"@id\":\"https:\/\/amiciimuzeuluizalau.ro\/croco\/despre-noi\/#primaryimage\"},\"image\":{\"@id\":\"https:\/\/amiciimuzeuluizalau.ro\/croco\/despre-noi\/#primaryimage\"},\"thumbnailUrl\":\"http:\/\/amiciimuzeuluizalau.ro\/croco\/wp-content\/uploads\/2014\/11\/sigla_final-01-150x150.jpg\",\"datePublished\":\"2019-02-12T09:34:56+00:00\",\"dateModified\":\"2019-02-13T07:28:18+00:00\",\"breadcrumb\":{\"@id\":\"https:\/\/amiciimuzeuluizalau.ro\/croco\/despre-noi\/#breadcrumb\"},\"inLanguage\":\"ro-RO\",\"potentialAction\":[{\"@type\":\"ReadAction\",\"target\":[\"https:\/\/amiciimuzeuluizalau.ro\/croco\/despre-noi\/\"]}]},{\"@type\":\"ImageObject\",\"inLanguage\":\"ro-RO\",\"@id\":\"https:\/\/amiciimuzeuluizalau.ro\/croco\/despre-noi\/#primaryimage\",\"url\":\"https:\/\/amiciimuzeuluizalau.ro\/croco\/wp-content\/uploads\/2014\/11\/sigla_final-01.jpg\",\"contentUrl\":\"https:\/\/amiciimuzeuluizalau.ro\/croco\/wp-content\/uploads\/2014\/11\/sigla_final-01.jpg\",\"width\":3508,\"height\":2480},{\"@type\":\"BreadcrumbList\",\"@id\":\"https:\/\/amiciimuzeuluizalau.ro\/croco\/despre-noi\/#breadcrumb\",\"itemListElement\":[{\"@type\":\"ListItem\",\"position\":1,\"name\":\"Home\",\"item\":\"http:\/\/amiciimuzeuluizalau.ro\/croco\/\"},{\"@type\":\"ListItem\",\"position\":2,\"name\":\"Despre noi\"}]},{\"@type\":\"WebSite\",\"@id\":\"http:\/\/amiciimuzeuluizalau.ro\/croco\/#website\",\"url\":\"http:\/\/amiciimuzeuluizalau.ro\/croco\/\",\"name\":\"ASOCIA\u021aIA AMICII MUZEULUI - ZAL\u0102U\",\"description\":\"EDUCA\u021aIE PRIN ISTORIE\",\"publisher\":{\"@id\":\"http:\/\/amiciimuzeuluizalau.ro\/croco\/#organization\"},\"potentialAction\":[{\"@type\":\"SearchAction\",\"target\":{\"@type\":\"EntryPoint\",\"urlTemplate\":\"http:\/\/amiciimuzeuluizalau.ro\/croco\/?s={search_term_string}\"},\"query-input\":{\"@type\":\"PropertyValueSpecification\",\"valueRequired\":true,\"valueName\":\"search_term_string\"}}],\"inLanguage\":\"ro-RO\"},{\"@type\":\"Organization\",\"@id\":\"http:\/\/amiciimuzeuluizalau.ro\/croco\/#organization\",\"name\":\"Asocia\u021bia Amicii Muzeului Zal\u0103u\",\"url\":\"http:\/\/amiciimuzeuluizalau.ro\/croco\/\",\"logo\":{\"@type\":\"ImageObject\",\"inLanguage\":\"ro-RO\",\"@id\":\"http:\/\/amiciimuzeuluizalau.ro\/croco\/#\/schema\/logo\/image\/\",\"url\":\"http:\/\/amiciimuzeuluizalau.ro\/croco\/wp-content\/uploads\/2014\/11\/sigla_final-011.jpg\",\"contentUrl\":\"http:\/\/amiciimuzeuluizalau.ro\/croco\/wp-content\/uploads\/2014\/11\/sigla_final-011.jpg\",\"width\":3508,\"height\":2480,\"caption\":\"Asocia\u021bia Amicii Muzeului Zal\u0103u\"},\"image\":{\"@id\":\"http:\/\/amiciimuzeuluizalau.ro\/croco\/#\/schema\/logo\/image\/\"}}]}<\/script>\n<!-- \/ Yoast SEO plugin. -->","yoast_head_json":{"title":"Despre noi - ASOCIA\u021aIA AMICII MUZEULUI - ZAL\u0102U","robots":{"index":"index","follow":"follow","max-snippet":"max-snippet:-1","max-image-preview":"max-image-preview:large","max-video-preview":"max-video-preview:-1"},"canonical":"https:\/\/amiciimuzeuluizalau.ro\/croco\/despre-noi\/","og_locale":"ro_RO","og_type":"article","og_title":"Despre noi - ASOCIA\u021aIA AMICII MUZEULUI - ZAL\u0102U","og_description":"&nbsp; &nbsp; &nbsp; &nbsp; &nbsp; &nbsp; &nbsp;&nbsp;&nbsp;&nbsp; ASOCIA&#354;IA AMICII MUZEULUI [&hellip;]","og_url":"https:\/\/amiciimuzeuluizalau.ro\/croco\/despre-noi\/","og_site_name":"ASOCIA\u021aIA AMICII MUZEULUI - ZAL\u0102U","article_modified_time":"2019-02-13T07:28:18+00:00","og_image":[{"url":"http:\/\/amiciimuzeuluizalau.ro\/croco\/wp-content\/uploads\/2014\/11\/sigla_final-01-150x150.jpg","type":"","width":"","height":""}],"twitter_misc":{"Timp estimat pentru citire":"3 minute"},"schema":{"@context":"https:\/\/schema.org","@graph":[{"@type":"WebPage","@id":"https:\/\/amiciimuzeuluizalau.ro\/croco\/despre-noi\/","url":"https:\/\/amiciimuzeuluizalau.ro\/croco\/despre-noi\/","name":"Despre noi - ASOCIA\u021aIA AMICII MUZEULUI - ZAL\u0102U","isPartOf":{"@id":"http:\/\/amiciimuzeuluizalau.ro\/croco\/#website"},"primaryImageOfPage":{"@id":"https:\/\/amiciimuzeuluizalau.ro\/croco\/despre-noi\/#primaryimage"},"image":{"@id":"https:\/\/amiciimuzeuluizalau.ro\/croco\/despre-noi\/#primaryimage"},"thumbnailUrl":"http:\/\/amiciimuzeuluizalau.ro\/croco\/wp-content\/uploads\/2014\/11\/sigla_final-01-150x150.jpg","datePublished":"2019-02-12T09:34:56+00:00","dateModified":"2019-02-13T07:28:18+00:00","breadcrumb":{"@id":"https:\/\/amiciimuzeuluizalau.ro\/croco\/despre-noi\/#breadcrumb"},"inLanguage":"ro-RO","potentialAction":[{"@type":"ReadAction","target":["https:\/\/amiciimuzeuluizalau.ro\/croco\/despre-noi\/"]}]},{"@type":"ImageObject","inLanguage":"ro-RO","@id":"https:\/\/amiciimuzeuluizalau.ro\/croco\/despre-noi\/#primaryimage","url":"https:\/\/amiciimuzeuluizalau.ro\/croco\/wp-content\/uploads\/2014\/11\/sigla_final-01.jpg","contentUrl":"https:\/\/amiciimuzeuluizalau.ro\/croco\/wp-content\/uploads\/2014\/11\/sigla_final-01.jpg","width":3508,"height":2480},{"@type":"BreadcrumbList","@id":"https:\/\/amiciimuzeuluizalau.ro\/croco\/despre-noi\/#breadcrumb","itemListElement":[{"@type":"ListItem","position":1,"name":"Home","item":"http:\/\/amiciimuzeuluizalau.ro\/croco\/"},{"@type":"ListItem","position":2,"name":"Despre noi"}]},{"@type":"WebSite","@id":"http:\/\/amiciimuzeuluizalau.ro\/croco\/#website","url":"http:\/\/amiciimuzeuluizalau.ro\/croco\/","name":"ASOCIA\u021aIA AMICII MUZEULUI - ZAL\u0102U","description":"EDUCA\u021aIE PRIN ISTORIE","publisher":{"@id":"http:\/\/amiciimuzeuluizalau.ro\/croco\/#organization"},"potentialAction":[{"@type":"SearchAction","target":{"@type":"EntryPoint","urlTemplate":"http:\/\/amiciimuzeuluizalau.ro\/croco\/?s={search_term_string}"},"query-input":{"@type":"PropertyValueSpecification","valueRequired":true,"valueName":"search_term_string"}}],"inLanguage":"ro-RO"},{"@type":"Organization","@id":"http:\/\/amiciimuzeuluizalau.ro\/croco\/#organization","name":"Asocia\u021bia Amicii Muzeului Zal\u0103u","url":"http:\/\/amiciimuzeuluizalau.ro\/croco\/","logo":{"@type":"ImageObject","inLanguage":"ro-RO","@id":"http:\/\/amiciimuzeuluizalau.ro\/croco\/#\/schema\/logo\/image\/","url":"http:\/\/amiciimuzeuluizalau.ro\/croco\/wp-content\/uploads\/2014\/11\/sigla_final-011.jpg","contentUrl":"http:\/\/amiciimuzeuluizalau.ro\/croco\/wp-content\/uploads\/2014\/11\/sigla_final-011.jpg","width":3508,"height":2480,"caption":"Asocia\u021bia Amicii Muzeului Zal\u0103u"},"image":{"@id":"http:\/\/amiciimuzeuluizalau.ro\/croco\/#\/schema\/logo\/image\/"}}]}},"_links":{"self":[{"href":"https:\/\/amiciimuzeuluizalau.ro\/croco\/wp-json\/wp\/v2\/pages\/3030","targetHints":{"allow":["GET"]}}],"collection":[{"href":"https:\/\/amiciimuzeuluizalau.ro\/croco\/wp-json\/wp\/v2\/pages"}],"about":[{"href":"https:\/\/amiciimuzeuluizalau.ro\/croco\/wp-json\/wp\/v2\/types\/page"}],"author":[{"embeddable":true,"href":"https:\/\/amiciimuzeuluizalau.ro\/croco\/wp-json\/wp\/v2\/users\/1"}],"replies":[{"embeddable":true,"href":"https:\/\/amiciimuzeuluizalau.ro\/croco\/wp-json\/wp\/v2\/comments?post=3030"}],"version-history":[{"count":3,"href":"https:\/\/amiciimuzeuluizalau.ro\/croco\/wp-json\/wp\/v2\/pages\/3030\/revisions"}],"predecessor-version":[{"id":3034,"href":"https:\/\/amiciimuzeuluizalau.ro\/croco\/wp-json\/wp\/v2\/pages\/3030\/revisions\/3034"}],"wp:attachment":[{"href":"https:\/\/amiciimuzeuluizalau.ro\/croco\/wp-json\/wp\/v2\/media?parent=3030"}],"curies":[{"name":"wp","href":"https:\/\/api.w.org\/{rel}","templated":true}]}}