{"id":2545,"date":"2018-05-30T15:17:28","date_gmt":"2018-05-30T12:17:28","guid":{"rendered":"http:\/\/amiciimuzeuluizalau.ro\/croco\/?page_id=2545"},"modified":"2018-05-30T15:17:28","modified_gmt":"2018-05-30T12:17:28","slug":"politica-de-confidentialitate","status":"publish","type":"page","link":"https:\/\/amiciimuzeuluizalau.ro\/croco\/politica-de-confidentialitate\/","title":{"rendered":"Politic\u0103 de confiden\u021bialitate"},"content":{"rendered":"<h2>Cine suntem:<\/h2>\n<p><em>&nbsp;<\/em>ASOCIA\u0162IA AMICII MUZEULUI din Zal\u0103u este persoan\u0103 juridic\u0103 de drept privat f\u0103r\u0103 scop patrimonial, apolitic\u0103, nonguvernamental\u0103 \u015fi urm\u0103re\u015fte exclusiv scopul pentru care se constituie. Scopul asocia\u0163iei \u00eel constituie:<span style=\"color: #000000;\"><strong>&nbsp;<span style=\"color: #000000;\"><em>promovarea culturii \u015fi a valorilor&nbsp;<\/em><\/span><\/strong><em><strong>patrimoniale cu reprezentare regional\u0103.<\/strong><\/em><\/span><\/p>\n<p>Mail:&nbsp;amiciimuzeuluizalau@yahoo.com<\/p>\n<p>Tel:&nbsp;+40 742 286 100<\/p>\n<p>Adresa sitului web este: http:\/\/amiciimuzeuluizalau.ro\/croco.<\/p>\n<p>Stimate utilizator,<\/p>\n<p>Ne lu\u0103m angajamentul s\u0103 \u00ee\u0163i p\u0103str\u0103m datele cu caracter personal \u00een condi\u0163ii de siguran\u0163\u0103 \u015fi securitate.&nbsp;&nbsp;&nbsp;&nbsp;&nbsp;&nbsp;&nbsp;&nbsp;<\/p>\n<p>&nbsp;\u201dDatele personale&#8221; reprezinta informatiile care te identifica pe tine ca individ.<\/p>\n<p>Asadar ai urmatoarele drepturi:<\/p>\n<p>&#8211; Dreptul la o cerere pentru a afla ce date personale ale tale sunt stocate.<\/p>\n<p>&#8211; Dreptul de a impiedica procesarea datelor personale.<\/p>\n<p>&#8211; Dreptul de a rectifica, sterge sau restrictiona procesarea datelor personale pe care noi le detinem.<\/p>\n<p>&#8211; Dreptul de a preveni procesarea datelor pentru activitati de marketing direct.<\/p>\n<p>&#8211; Dreptul legat de decizii bazate pe automatizari &#8211; de exemplu, ca individ ai dreptul de a obiecta cu privire la decizii automatizate, in care nu au fost implicate rationamente facute direct de un om.<\/p>\n<p>&#8211; Dreptul de a primi datele personale proprii sau de a cere ca datele sa fie transmise catre o alta entitate (care are drept de portabilitate a datelor).<\/p>\n<p>&nbsp; &nbsp;&nbsp;&nbsp;&nbsp;&nbsp;&nbsp;&nbsp;&nbsp;&nbsp; Pentru a ne asigura c\u0103 facem tot ce putem pentru a-\u0163i oferi transparen\u0163\u0103 \u00een ceea ce prive\u015fte modul \u00een care folosim datele tale, precum \u015fi pentru a-\u0163i oferi control asupra propriilor tale informa\u0163ii, am actualizat Politica privind modulele cookie \u015fi tehnologiile similare.<\/p>\n<p>Termene \u0219i condi\u021bii sunt actualizate \u0219i te informeaz\u0103 cu privire la modul \u00een care folosim datele tale cu caracter personal, \u00een privin\u0163a drepturilor tale \u015fi a modului \u00een care \u0163i le po\u0163i exercita. Declara\u0163iile de confiden\u0163ialitate actualizate vor intra \u00een vigoare la data de 25 mai 2018, astfel urm\u00e2nd s\u0103 ne aliniem cerin\u0163elor Regulamentului General al Uniunii Europene privind Protec\u0163ia Datelor (&#8222;GDPR&#8221;).<\/p>\n<p>V\u0103 respect\u0103m confiden\u021bialitatea \u0219i ne angaj\u0103m s\u0103 v\u0103 protej\u0103m datele personale. Aceast\u0103 declara\u021bie de confiden\u021bialitate v\u0103 va informa cu privire despre modul \u00een care v\u0103 gestion\u0103m datele personale, drepturile dvs. de confiden\u021bialitate \u0219i modul \u00een care v\u0103 protejeaz\u0103 legea. Servicii \u00eenseamn\u0103 orice produse, servicii, con\u021binut, caracteristici, tehnologii sau func\u021bii \u0219i toate paginile de internet, aplica\u021biile \u0219i serviciile corespunz\u0103toare pe care vi le oferim.<\/p>\n<p>Platform\u0103 \u00eenseamn\u0103 paginile de internet, aplica\u021biile mobile, paginile de internet mobile sau alte propriet\u0103\u021bi online prin care ne oferim Serviciile.<\/p>\n<p><strong>&nbsp;<\/strong><strong>Declara\u021bia de confiden\u021bialitate:<\/strong><\/p>\n<p><strong>Ce date colect\u0103m despre dumneavoastr\u0103?<\/strong><\/p>\n<p>Date furnizate prin interac\u021biuni directe<\/p>\n<p>\u00cenregistrarea \u0219i alte informa\u021bii despre cont<\/p>\n<p>C\u00e2nd v\u0103 \u00eenregistra\u021bi pentru a utiliza aplica\u021biile noastre, putem colecta urm\u0103toarele informa\u021bii despre dvs.:&nbsp;<\/p>\n<ol>\n<li>dac\u0103 v\u0103 \u00eenregistra\u021bi folosind contul de mail: prenume, nume \u0219i adresa de email;<\/li>\n<li>dac\u0103 v\u0103 \u00eenregistra\u021bi folosind contul Facebook: prenume \u0219i nume, a\u0219a cum apar \u00een contul dvs. de Facebook \u0219i ID-ul dvs. de Facebook. \u00cen situa\u021bia \u00een care a\u021bi oferit permisiunea c\u0103tre Facebook prin intermediul op\u021biunii de confiden\u021bialitate din cadrul aplica\u021biei lor (care apare \u00eenainte de a v\u0103 putea \u00eenregistra \u00een platforma noastr\u0103), putem colecta \u0219i informa\u021bii despre sex, v\u00e2rsta sau email \u00een func\u021bie de permisiunile oferite de dvs.; \u0219i dac\u0103 v\u0103 \u00eenregistra\u021bi folosind num\u0103rul de telefon mobil: vom colecta num\u0103rul dvs. de telefon mobil.<\/li>\n<\/ol>\n<p>\u00cen func\u021bie de alegerile pe care le face\u021bi \u00een timpul autentific\u0103rii la aplica\u021biile noastre pute\u021bi opta pentru urm\u0103toarele date personale suplimentare:<\/p>\n<p>numele dvs.;<\/p>\n<p>adresa de e-mail;<\/p>\n<p>num\u0103rul de telefon mobil;<\/p>\n<p>alte date<\/p>\n<p>Date pe care le colect\u0103m automat, atunci c\u00e2nd folosi\u021bi aplica\u021biile noastre<\/p>\n<p>C\u00e2nd interac\u021biona\u021bi cu Platforma noastr\u0103 sau folosi\u021bi Serviciile noastre, colect\u0103m automat urm\u0103toarele informa\u021bii despre dvs.:<\/p>\n<p>&nbsp;<em>Informa\u021bii dispozitiv<\/em><\/p>\n<p>Colect\u0103m informa\u021bii specifice dispozitivului, cum ar fi versiunea sistemului de operare, identificatorii unici. De exemplu, numele re\u021belei mobile pe care o utiliza\u021bi. Asociem identificatorii dispozitivului cu contul dvs. .<\/p>\n<p><em>Informa\u021bii despre loc<\/em><\/p>\n<p>\u00cen func\u021bie de autoriza\u021biile dispozitivului dvs., dac\u0103 publica\u021bi un articol pe Platforma noastr\u0103, colect\u0103m \u0219i proces\u0103m automat informa\u021bii despre loca\u021bia dvs. actual\u0103. Utiliz\u0103m tehnologii diverse pentru a determina locul, inclusiv adresa IP, GPS, punctele de acces Wi-Fi \u0219i turnurile mobile. Datele dvs. de loc v\u0103 permit s\u0103 vede\u021bi articole de utilizator l\u00e2ng\u0103 dvs. \u0219i v\u0103 ajut\u0103 s\u0103 posta\u021bi articole din locul dvs.<\/p>\n<p><em>Date despre Client \u0219i Autentificare<\/em><\/p>\n<p>Detaliile tehnice, inclusiv adresa Protocol Internet (IP) a dispozitivului, fusul orar \u0219i sistemul de operare. De asemenea, v\u0103 vom p\u0103stra informa\u021biile de autentificare (date de \u00eenregistrare, data ultimei modific\u0103ri a parolei, data ultimei autentific\u0103ri reu\u0219ite), tipul \u0219i versiunea browserului dvs.<\/p>\n<p><em>Date de tip Clickstream<\/em><\/p>\n<p>Colect\u0103m informa\u021bii despre activitatea dvs. pe aplica\u021biile noastre, care includ paginile de internet din care a\u021bi accesat aplica\u021bia noastr\u0103, data \u0219i ora fiec\u0103rei vizite, bannerele publicitare sau con\u021binutul pe care a\u021bi f\u0103cut clic, interac\u021biunea dvs. cu aceste tipuri de publicitate, durata vizitei dvs. \u0219i ordinea \u00een care vizita\u021bi con\u021binutul aplica\u021biilor noastre.<\/p>\n<p><strong>Cookies<\/strong><\/p>\n<p>Utiliz\u0103m cookies pentru a gestiona sesiunile utilizatorilor, pentru a stoca preferin\u021bele de selec\u021bie&nbsp; &#8222;Cookies&#8221; sunt fi\u0219iere text mici transferate de un server web pe hard disk-ul dispozitivului dvs.. Cookies pot fi utilizate pentru a colecta data \u0219i ora vizitei dvs., istoricul navig\u0103rii, preferin\u021bele dvs. \u0219i numele dvs. de utilizator. Pute\u021bi seta browserul s\u0103 refuze toate sau unele cookies sau s\u0103 v\u0103 avertizeze atunci c\u00e2nd paginile de internet seteaz\u0103 sau acceseaz\u0103 cookies Dac\u0103 dezactiva\u021bi sau refuza\u021bi cookies, v\u0103 rug\u0103m s\u0103 re\u021bine\u021bi c\u0103 anumite p\u0103r\u021bi ale Serviciilor\/Aplica\u021biilor noastre pot deveni inaccesibile sau pot s\u0103 nu func\u021bioneaz\u0103 corect. Pentru mai multe informa\u021bii despre cookies pe care le folosim, v\u0103 rug\u0103m s\u0103 consulta\u021bi Politica privind Cookies.<\/p>\n<p>Serviciile noastre nu sunt destinate copiilor sub 16 ani \u0219i nu colect\u0103m cu bun\u0103 \u0219tiin\u021b\u0103 date de la persoane sub 16 ani. Dac\u0103 constat\u0103m c\u0103 o persoan\u0103 sub 16 ani ne-a furnizat date cu caracter personal, o vom \u0219terge imediat.<\/p>\n<p>Ai dreptul sa ceri ca datele tale sa fie sterse daca nu mai este nevoie de ele pentru scopul pentru care au fost stocate sau daca nu mai exista nevoi legale.<\/p>\n<p>Ai dreptul de a restrictiona procesarea datelor tale personale. Totusi, din punct de vedere GDPR, exista exceptii.<\/p>\n<p>Orice comunicare sau actiune luat\u0103 ca o consecinta a cererii tale va fi facuta gratuit.<\/p>\n<p>Pentru informa\u021bii despre datele tale, solicit\u0103ri de dezabonare sau stergere a datelor personale pe care le colect\u0103m te rug\u0103m s\u0103 trimi\u021bi o solicitare la adresa de mail din pagina de <strong>CONTACT<\/strong>.<\/p>\n<p>Mul\u021bumim pentru \u00een\u021belegere!<\/p>\n<p>&nbsp;<\/p>\n","protected":false},"excerpt":{"rendered":"<p>Cine suntem: &nbsp;ASOCIA&#354;IA AMICII MUZEULUI din Zal&#259;u este persoan&#259; juridic&#259; [&hellip;]<\/p>\n","protected":false},"author":1,"featured_media":226,"parent":0,"menu_order":0,"comment_status":"closed","ping_status":"closed","template":"","meta":{"ngg_post_thumbnail":0,"footnotes":""},"class_list":["post-2545","page","type-page","status-publish","has-post-thumbnail","hentry"],"yoast_head":"<!-- This site is optimized with the Yoast SEO plugin v27.0 - https:\/\/yoast.com\/product\/yoast-seo-wordpress\/ -->\n<title>Politic\u0103 de confiden\u021bialitate - ASOCIA\u021aIA AMICII MUZEULUI - ZAL\u0102U<\/title>\n<meta name=\"robots\" content=\"index, follow, max-snippet:-1, max-image-preview:large, max-video-preview:-1\" \/>\n<link rel=\"canonical\" href=\"https:\/\/amiciimuzeuluizalau.ro\/croco\/politica-de-confidentialitate\/\" \/>\n<meta property=\"og:locale\" content=\"ro_RO\" \/>\n<meta property=\"og:type\" content=\"article\" \/>\n<meta property=\"og:title\" content=\"Politic\u0103 de confiden\u021bialitate - ASOCIA\u021aIA AMICII MUZEULUI - ZAL\u0102U\" \/>\n<meta property=\"og:description\" content=\"Cine suntem: &nbsp;ASOCIA&#354;IA AMICII MUZEULUI din Zal&#259;u este persoan&#259; juridic&#259; [&hellip;]\" \/>\n<meta property=\"og:url\" content=\"https:\/\/amiciimuzeuluizalau.ro\/croco\/politica-de-confidentialitate\/\" \/>\n<meta property=\"og:site_name\" content=\"ASOCIA\u021aIA AMICII MUZEULUI - ZAL\u0102U\" \/>\n<meta property=\"og:image\" content=\"https:\/\/amiciimuzeuluizalau.ro\/croco\/wp-content\/uploads\/2014\/11\/sigla_final-01.jpg\" \/>\n\t<meta property=\"og:image:width\" content=\"3508\" \/>\n\t<meta property=\"og:image:height\" content=\"2480\" \/>\n\t<meta property=\"og:image:type\" content=\"image\/jpeg\" \/>\n<meta name=\"twitter:label1\" content=\"Timp estimat pentru citire\" \/>\n\t<meta name=\"twitter:data1\" content=\"6 minute\" \/>\n<script type=\"application\/ld+json\" class=\"yoast-schema-graph\">{\"@context\":\"https:\/\/schema.org\",\"@graph\":[{\"@type\":\"WebPage\",\"@id\":\"https:\/\/amiciimuzeuluizalau.ro\/croco\/politica-de-confidentialitate\/\",\"url\":\"https:\/\/amiciimuzeuluizalau.ro\/croco\/politica-de-confidentialitate\/\",\"name\":\"Politic\u0103 de confiden\u021bialitate - ASOCIA\u021aIA AMICII MUZEULUI - ZAL\u0102U\",\"isPartOf\":{\"@id\":\"http:\/\/amiciimuzeuluizalau.ro\/croco\/#website\"},\"primaryImageOfPage\":{\"@id\":\"https:\/\/amiciimuzeuluizalau.ro\/croco\/politica-de-confidentialitate\/#primaryimage\"},\"image\":{\"@id\":\"https:\/\/amiciimuzeuluizalau.ro\/croco\/politica-de-confidentialitate\/#primaryimage\"},\"thumbnailUrl\":\"https:\/\/amiciimuzeuluizalau.ro\/croco\/wp-content\/uploads\/2014\/11\/sigla_final-01.jpg\",\"datePublished\":\"2018-05-30T12:17:28+00:00\",\"breadcrumb\":{\"@id\":\"https:\/\/amiciimuzeuluizalau.ro\/croco\/politica-de-confidentialitate\/#breadcrumb\"},\"inLanguage\":\"ro-RO\",\"potentialAction\":[{\"@type\":\"ReadAction\",\"target\":[\"https:\/\/amiciimuzeuluizalau.ro\/croco\/politica-de-confidentialitate\/\"]}]},{\"@type\":\"ImageObject\",\"inLanguage\":\"ro-RO\",\"@id\":\"https:\/\/amiciimuzeuluizalau.ro\/croco\/politica-de-confidentialitate\/#primaryimage\",\"url\":\"https:\/\/amiciimuzeuluizalau.ro\/croco\/wp-content\/uploads\/2014\/11\/sigla_final-01.jpg\",\"contentUrl\":\"https:\/\/amiciimuzeuluizalau.ro\/croco\/wp-content\/uploads\/2014\/11\/sigla_final-01.jpg\",\"width\":3508,\"height\":2480},{\"@type\":\"BreadcrumbList\",\"@id\":\"https:\/\/amiciimuzeuluizalau.ro\/croco\/politica-de-confidentialitate\/#breadcrumb\",\"itemListElement\":[{\"@type\":\"ListItem\",\"position\":1,\"name\":\"Home\",\"item\":\"http:\/\/amiciimuzeuluizalau.ro\/croco\/\"},{\"@type\":\"ListItem\",\"position\":2,\"name\":\"Politic\u0103 de confiden\u021bialitate\"}]},{\"@type\":\"WebSite\",\"@id\":\"http:\/\/amiciimuzeuluizalau.ro\/croco\/#website\",\"url\":\"http:\/\/amiciimuzeuluizalau.ro\/croco\/\",\"name\":\"ASOCIA\u021aIA AMICII MUZEULUI - ZAL\u0102U\",\"description\":\"EDUCA\u021aIE PRIN ISTORIE\",\"publisher\":{\"@id\":\"http:\/\/amiciimuzeuluizalau.ro\/croco\/#organization\"},\"potentialAction\":[{\"@type\":\"SearchAction\",\"target\":{\"@type\":\"EntryPoint\",\"urlTemplate\":\"http:\/\/amiciimuzeuluizalau.ro\/croco\/?s={search_term_string}\"},\"query-input\":{\"@type\":\"PropertyValueSpecification\",\"valueRequired\":true,\"valueName\":\"search_term_string\"}}],\"inLanguage\":\"ro-RO\"},{\"@type\":\"Organization\",\"@id\":\"http:\/\/amiciimuzeuluizalau.ro\/croco\/#organization\",\"name\":\"Asocia\u021bia Amicii Muzeului Zal\u0103u\",\"url\":\"http:\/\/amiciimuzeuluizalau.ro\/croco\/\",\"logo\":{\"@type\":\"ImageObject\",\"inLanguage\":\"ro-RO\",\"@id\":\"http:\/\/amiciimuzeuluizalau.ro\/croco\/#\/schema\/logo\/image\/\",\"url\":\"http:\/\/amiciimuzeuluizalau.ro\/croco\/wp-content\/uploads\/2014\/11\/sigla_final-011.jpg\",\"contentUrl\":\"http:\/\/amiciimuzeuluizalau.ro\/croco\/wp-content\/uploads\/2014\/11\/sigla_final-011.jpg\",\"width\":3508,\"height\":2480,\"caption\":\"Asocia\u021bia Amicii Muzeului Zal\u0103u\"},\"image\":{\"@id\":\"http:\/\/amiciimuzeuluizalau.ro\/croco\/#\/schema\/logo\/image\/\"}}]}<\/script>\n<!-- \/ Yoast SEO plugin. -->","yoast_head_json":{"title":"Politic\u0103 de confiden\u021bialitate - ASOCIA\u021aIA AMICII MUZEULUI - ZAL\u0102U","robots":{"index":"index","follow":"follow","max-snippet":"max-snippet:-1","max-image-preview":"max-image-preview:large","max-video-preview":"max-video-preview:-1"},"canonical":"https:\/\/amiciimuzeuluizalau.ro\/croco\/politica-de-confidentialitate\/","og_locale":"ro_RO","og_type":"article","og_title":"Politic\u0103 de confiden\u021bialitate - ASOCIA\u021aIA AMICII MUZEULUI - ZAL\u0102U","og_description":"Cine suntem: &nbsp;ASOCIA&#354;IA AMICII MUZEULUI din Zal&#259;u este persoan&#259; juridic&#259; [&hellip;]","og_url":"https:\/\/amiciimuzeuluizalau.ro\/croco\/politica-de-confidentialitate\/","og_site_name":"ASOCIA\u021aIA AMICII MUZEULUI - ZAL\u0102U","og_image":[{"width":3508,"height":2480,"url":"https:\/\/amiciimuzeuluizalau.ro\/croco\/wp-content\/uploads\/2014\/11\/sigla_final-01.jpg","type":"image\/jpeg"}],"twitter_misc":{"Timp estimat pentru citire":"6 minute"},"schema":{"@context":"https:\/\/schema.org","@graph":[{"@type":"WebPage","@id":"https:\/\/amiciimuzeuluizalau.ro\/croco\/politica-de-confidentialitate\/","url":"https:\/\/amiciimuzeuluizalau.ro\/croco\/politica-de-confidentialitate\/","name":"Politic\u0103 de confiden\u021bialitate - ASOCIA\u021aIA AMICII MUZEULUI - ZAL\u0102U","isPartOf":{"@id":"http:\/\/amiciimuzeuluizalau.ro\/croco\/#website"},"primaryImageOfPage":{"@id":"https:\/\/amiciimuzeuluizalau.ro\/croco\/politica-de-confidentialitate\/#primaryimage"},"image":{"@id":"https:\/\/amiciimuzeuluizalau.ro\/croco\/politica-de-confidentialitate\/#primaryimage"},"thumbnailUrl":"https:\/\/amiciimuzeuluizalau.ro\/croco\/wp-content\/uploads\/2014\/11\/sigla_final-01.jpg","datePublished":"2018-05-30T12:17:28+00:00","breadcrumb":{"@id":"https:\/\/amiciimuzeuluizalau.ro\/croco\/politica-de-confidentialitate\/#breadcrumb"},"inLanguage":"ro-RO","potentialAction":[{"@type":"ReadAction","target":["https:\/\/amiciimuzeuluizalau.ro\/croco\/politica-de-confidentialitate\/"]}]},{"@type":"ImageObject","inLanguage":"ro-RO","@id":"https:\/\/amiciimuzeuluizalau.ro\/croco\/politica-de-confidentialitate\/#primaryimage","url":"https:\/\/amiciimuzeuluizalau.ro\/croco\/wp-content\/uploads\/2014\/11\/sigla_final-01.jpg","contentUrl":"https:\/\/amiciimuzeuluizalau.ro\/croco\/wp-content\/uploads\/2014\/11\/sigla_final-01.jpg","width":3508,"height":2480},{"@type":"BreadcrumbList","@id":"https:\/\/amiciimuzeuluizalau.ro\/croco\/politica-de-confidentialitate\/#breadcrumb","itemListElement":[{"@type":"ListItem","position":1,"name":"Home","item":"http:\/\/amiciimuzeuluizalau.ro\/croco\/"},{"@type":"ListItem","position":2,"name":"Politic\u0103 de confiden\u021bialitate"}]},{"@type":"WebSite","@id":"http:\/\/amiciimuzeuluizalau.ro\/croco\/#website","url":"http:\/\/amiciimuzeuluizalau.ro\/croco\/","name":"ASOCIA\u021aIA AMICII MUZEULUI - ZAL\u0102U","description":"EDUCA\u021aIE PRIN ISTORIE","publisher":{"@id":"http:\/\/amiciimuzeuluizalau.ro\/croco\/#organization"},"potentialAction":[{"@type":"SearchAction","target":{"@type":"EntryPoint","urlTemplate":"http:\/\/amiciimuzeuluizalau.ro\/croco\/?s={search_term_string}"},"query-input":{"@type":"PropertyValueSpecification","valueRequired":true,"valueName":"search_term_string"}}],"inLanguage":"ro-RO"},{"@type":"Organization","@id":"http:\/\/amiciimuzeuluizalau.ro\/croco\/#organization","name":"Asocia\u021bia Amicii Muzeului Zal\u0103u","url":"http:\/\/amiciimuzeuluizalau.ro\/croco\/","logo":{"@type":"ImageObject","inLanguage":"ro-RO","@id":"http:\/\/amiciimuzeuluizalau.ro\/croco\/#\/schema\/logo\/image\/","url":"http:\/\/amiciimuzeuluizalau.ro\/croco\/wp-content\/uploads\/2014\/11\/sigla_final-011.jpg","contentUrl":"http:\/\/amiciimuzeuluizalau.ro\/croco\/wp-content\/uploads\/2014\/11\/sigla_final-011.jpg","width":3508,"height":2480,"caption":"Asocia\u021bia Amicii Muzeului Zal\u0103u"},"image":{"@id":"http:\/\/amiciimuzeuluizalau.ro\/croco\/#\/schema\/logo\/image\/"}}]}},"_links":{"self":[{"href":"https:\/\/amiciimuzeuluizalau.ro\/croco\/wp-json\/wp\/v2\/pages\/2545","targetHints":{"allow":["GET"]}}],"collection":[{"href":"https:\/\/amiciimuzeuluizalau.ro\/croco\/wp-json\/wp\/v2\/pages"}],"about":[{"href":"https:\/\/amiciimuzeuluizalau.ro\/croco\/wp-json\/wp\/v2\/types\/page"}],"author":[{"embeddable":true,"href":"https:\/\/amiciimuzeuluizalau.ro\/croco\/wp-json\/wp\/v2\/users\/1"}],"replies":[{"embeddable":true,"href":"https:\/\/amiciimuzeuluizalau.ro\/croco\/wp-json\/wp\/v2\/comments?post=2545"}],"version-history":[{"count":1,"href":"https:\/\/amiciimuzeuluizalau.ro\/croco\/wp-json\/wp\/v2\/pages\/2545\/revisions"}],"predecessor-version":[{"id":2546,"href":"https:\/\/amiciimuzeuluizalau.ro\/croco\/wp-json\/wp\/v2\/pages\/2545\/revisions\/2546"}],"wp:featuredmedia":[{"embeddable":true,"href":"https:\/\/amiciimuzeuluizalau.ro\/croco\/wp-json\/wp\/v2\/media\/226"}],"wp:attachment":[{"href":"https:\/\/amiciimuzeuluizalau.ro\/croco\/wp-json\/wp\/v2\/media?parent=2545"}],"curies":[{"name":"wp","href":"https:\/\/api.w.org\/{rel}","templated":true}]}}