{"id":1105,"date":"2014-11-26T01:07:17","date_gmt":"2014-11-25T23:07:17","guid":{"rendered":"http:\/\/amiciimuzeuluizalau.ro\/croco\/?page_id=1105"},"modified":"2019-05-07T08:03:54","modified_gmt":"2019-05-07T05:03:54","slug":"evenimente","status":"publish","type":"page","link":"https:\/\/amiciimuzeuluizalau.ro\/croco\/evenimente\/","title":{"rendered":"EVENIMENTE"},"content":{"rendered":"<p><strong><em>Premii pentru activitatea depus\u0103, acordate <\/em><\/strong><\/p>\n<p><strong><em>Asocia\u0163iei Amicii Muzeului &#8211; Zal\u0103u&nbsp;<\/em><\/strong><\/p>\n<p><strong>&nbsp;<\/strong>Eforturile depuse de membrii asocia\u0163iei \u00een vederea promov\u0103rii valorilor patrimoniului istoric antic din jude\u0163ul S\u0103laj au fost r\u0103spl\u0103tite prin cele dou\u0103 premii de excelen\u0163\u0103 primite de Asocia\u0163ia Amicii Muzeului Zal\u0103u la Gala Premiilor Culturale S\u0103l\u0103jene&nbsp; din partea Ministerului Culturii.<\/p>\n<p>&nbsp;<\/p>\n<p><a href=\"http:\/\/amiciimuzeuluizalau.ro\/croco\/wp-content\/uploads\/2014\/11\/Diploma-1.jpg\"><img loading=\"lazy\" decoding=\"async\" class=\"alignright wp-image-1029 size-medium\" src=\"http:\/\/amiciimuzeuluizalau.ro\/croco\/wp-content\/uploads\/2014\/11\/Diploma-1-300x217.jpg\" alt=\"Diploma 1\" width=\"300\" height=\"217\" srcset=\"https:\/\/amiciimuzeuluizalau.ro\/croco\/wp-content\/uploads\/2014\/11\/Diploma-1-300x217.jpg 300w, https:\/\/amiciimuzeuluizalau.ro\/croco\/wp-content\/uploads\/2014\/11\/Diploma-1-1024x743.jpg 1024w\" sizes=\"auto, (max-width: 300px) 100vw, 300px\" \/><\/a><\/p>\n<p>Diploma \u015fi Premiul de EXCELEN\u0162\u0102 acordat de Ministerul Culturii \u00een anul&nbsp; 2013<\/p>\n<p>&nbsp;<\/p>\n<p>&nbsp;<\/p>\n<p><a href=\"http:\/\/amiciimuzeuluizalau.ro\/croco\/wp-content\/uploads\/2014\/11\/Diploma-2014.jpg\"><img loading=\"lazy\" decoding=\"async\" class=\"alignright wp-image-1112 size-medium\" src=\"http:\/\/amiciimuzeuluizalau.ro\/croco\/wp-content\/uploads\/2014\/11\/Diploma-2014-300x221.jpg\" alt=\"Diploma 2014\" width=\"300\" height=\"221\" srcset=\"https:\/\/amiciimuzeuluizalau.ro\/croco\/wp-content\/uploads\/2014\/11\/Diploma-2014-300x221.jpg 300w, https:\/\/amiciimuzeuluizalau.ro\/croco\/wp-content\/uploads\/2014\/11\/Diploma-2014-1024x754.jpg 1024w\" sizes=\"auto, (max-width: 300px) 100vw, 300px\" \/><\/a><\/p>\n<p>&nbsp;<\/p>\n<p>&nbsp;<\/p>\n<p>Diploma \u015fi Premiul de EXCELEN\u0162\u0102 acordat de Ministerul Culturii \u00een anul 2014<\/p>\n<p>Am fost prezen\u021bi la evenimente astfel:<\/p>\n<p><strong>ANUL 2019:<\/strong><\/p>\n<p>Festivalul de Jocuri \u0219i Reconstituiri Istorice <a href=\"https:\/\/dapyx-medgidia.ro\/\" target=\"_blank\" rel=\"noopener noreferrer\"><strong>Dapyx<\/strong><\/a> 2019 \u2013 Edi\u021bia a III-a&nbsp;<\/p>\n<p><strong>ANUL 2018:<\/strong><\/p>\n<p>DAC FEST. M\u0103gura Uroiului 27-29 iulie<\/p>\n<p>ZILELE SIMION B\u0102RNU\u021aIU&nbsp; Boc\u0219a &#8211; 22 iulie<\/p>\n<p>FESTIVALUL CELTIC Beclean 21-22 iulie<\/p>\n<p>POROLISSUM FEST 30 iunie \u2013 1 iulie<\/p>\n<p>MEDGIDIA &#8211; Festivalul de jocuri \u0219i reconstituiri istorice <a href=\"https:\/\/dapyx-medgidia.ro\/\" target=\"_blank\" rel=\"noopener noreferrer\">DAPYX<\/a>. Edi\u021bia II. 27 aprilie \u2013 30 aprilie 2018&nbsp;&nbsp;<\/p>\n<p><strong>ANUL 2017:<\/strong><\/p>\n<p>Gala\u021bi &#8211; ANTIQVITAS REDIVIVA. EDI\u021aIA IV. 22-23 septembrie 2017.<\/p>\n<p>Buciumi &#8211; Edi\u021bia a XVII a a Zilelor castrului Roman de la Buciumi. 20 august 2017<\/p>\n<p>C\u0103lug\u0103reni &#8211; FESTIVALUL 5R. EDI\u021aIA 2017. 12 august 2017.<\/p>\n<p>Boc\u0219a &#8211; Serbare c\u00e2mpeneasc\u0103. Simion B\u0103rnu\u021biu. Istorie \u0219i tradi\u021bie local\u0103. 30 iulie 2017<\/p>\n<p>Beclean &#8211; FESTIVALUL CELTIC TRANSILVANIA. Edi\u021bia IV. 21-23 iulie 2017<\/p>\n<p>Porolissum Fest &#8211; Perioada 15 \u2013 16 iulie 2017<\/p>\n<p>Austria &#8211; PETRONELL. ROMERFEST CARNVNTVM 9-19 iulie 2017<\/p>\n<p>Bulgaria&nbsp; &#8211; SVISHTOV. EAGLE ON THE DANUBE. 2-4 iunie 2017<\/p>\n<p><a href=\"https:\/\/www.youtube.com\/watch?v=9jPGml5yuNg\" target=\"_blank\" rel=\"noopener noreferrer\">Filmare<\/a><\/p>\n<p>Velo Tur &#8211; Moigrad Porolissum 29 Mai 2017<\/p>\n<p>Medgidia &#8211; FESTIVALUL DAPYX. EDI\u021aIA I. Perioada 28 aprilie \u2013 1 mai 2017.<\/p>\n<p><strong>ANUL 2016:<\/strong><\/p>\n<p><a href=\"http:\/\/presagalati.ro\/antiquitas-rediviva-sambata-la-castrul-roman-de-la-barbosi-al-3-lea-razboi-daco-roman\/\" target=\"_blank\" rel=\"noopener noreferrer\">Gala\u021bi 2016<\/a><\/p>\n<p><a href=\"http:\/\/www.festivalulroman.ro\/\" target=\"_blank\" rel=\"noopener noreferrer\">Zal\u0103u 2016<\/a><\/p>\n<p>Buciumi 2016<\/p>\n<p><a href=\"http:\/\/www.regiotv.ro\/eveniment\/amicii-muzeului-la-festivalul-de-la-calugareni\" target=\"_blank\" rel=\"noopener noreferrer\">Calug\u0103reni 2016<\/a><\/p>\n<p><a href=\"http:\/\/www.agerpres.ro\/cultura\/2016\/07\/03\/salaj-razboaie-jocuri-si-savori-la-o-noua-editie-a-porolissum-fest-17-24-46\" target=\"_blank\" rel=\"noopener noreferrer\">Porolissum Fest &#8211; 2, 3 Iulie 2016<\/a><\/p>\n<p>ANUL 2015:<\/p>\n<ol>\n<li><a href=\"http:\/\/inturda.ro\/video-dacii-si-romanii-s-au-luptat-la-salina-turda\/\" target=\"_blank\" rel=\"noopener noreferrer\">Salina Turda 26 sep. 2015<\/a><\/li>\n<li><a href=\"http:\/\/www.turdanews.net\/articole\/actualitate\/37098-potaissa-cucerita-din-nou-de-romani.html\" target=\"_blank\" rel=\"noopener noreferrer\">Zilele Municipiului Turda<\/a><\/li>\n<li><a title=\"Hunedoara\" href=\"http:\/\/www.magazinsalajean.ro\/eveniment\/dacii-si-romanii-din-salaj-au-luat-cu-asalt-huneadoara.html\" target=\"_blank\" rel=\"noopener noreferrer\">Zilele Municipiului Hunedoara<\/a><\/li>\n<li><a title=\"Festivalul Roman Zalau\" href=\"http:\/\/www.magazinsalajean.ro\/eveniment\/festivalul-roman-porolissum-o-calatorie-de-neuitat-in-istorie-la-zilele-cetatii.html\" target=\"_blank\" rel=\"noopener noreferrer\">Zilele Romane Zal\u0103u<\/a><\/li>\n<li><a title=\"Magazin Salajan\" href=\"http:\/\/www.magazinsalajean.ro\/cultura\/cucerirea-si-abandonarea-daciei-lectie-de-istorie-vie-la-porolissum-fest.html\" target=\"_blank\" rel=\"noopener noreferrer\">Porolissum Fest S\u0103laj<\/a><\/li>\n<li><a href=\"http:\/\/www.magazinsalajean.ro\/divertisment\/dacii-si-romanii-de-la-amicii-muzeului-au-luptat-la-festivalul-cetatilor-dacice.html\" target=\"_blank\" rel=\"noopener noreferrer\">Cric\u0103u (Jud. Alba ) Festivalul Cet\u0103\u021bilor Dacice <\/a><\/li>\n<li>Galati<\/li>\n<li>Ora\u0219tie<\/li>\n<li>Polonia &#8211; Zakopane<\/li>\n<li>Alba Iulia &#8211; Festivalul Apulum<\/li>\n<\/ol>\n<p>ANUL 2014<\/p>\n<ol>\n<li><a title=\"Apulum 2014\" href=\"http:\/\/ziarulunirea.ro\/zilele-cetatii-si-festivalul-roman-apulum-deschid-sezonul-turistic-2014-la-alba-iulia-vezi-programul-evenimentelor-257918\/\" target=\"_blank\" rel=\"noopener noreferrer\">Alba Iulia &#8211;&nbsp; Festivalul Aplum<\/a><\/li>\n<li><a href=\"http:\/\/www.magazinsalajean.ro\/eveniment\/romanii-si-dacii-de-la-amicii-muzeului-la-festivalul-cetatilor-dacice.html\" target=\"_blank\" rel=\"noopener noreferrer\">Ighiu (jud. Alba) &#8211; Festivalul Cet\u0103\u0163ilor Dacice<\/a><\/li>\n<li>Porolissum Fest<\/li>\n<li>C\u0103lug\u0103reni (jud. Mure\u015f). Festivalul 3R<\/li>\n<li>Caransebe\u015f (jud. Caras-Severin). Zilele Cet\u0103\u0163ii<\/li>\n<li>Moftin (jud. Satu Mare). Zilele Comunei<\/li>\n<li>Concurs Master Chef. Participare film\u0103ri cu tem\u0103 gastronomie antic\u0103<\/li>\n<\/ol>\n<p>ANUL 2013<\/p>\n<ol>\n<li>Bucure\u015fti. T\u00e2rg de turism<\/li>\n<li>Cluj-Napoca. T\u00e2rg de turism<\/li>\n<li>Roma, Italia. Festivalul NATALE DI ROMA<\/li>\n<li>Cric\u0103u (jud. Alba). Festivalul cet\u0103\u0163ilor dacice<\/li>\n<li>Porolissum Fest<\/li>\n<li>Zal\u0103u. Festivalul roman<\/li>\n<li>Carei (jud. Satu Mare). Festivalul medieval Villa Karul<\/li>\n<\/ol>\n<p>ANUL 2012<\/p>\n<ol>\n<li>Zal\u0103u. Zilele Muzeului<\/li>\n<li>Zilele comunei<\/li>\n<li>Porolissum Fest<\/li>\n<li>Medie\u015fu Aurit (jud. Satu Mare). Zilele comunei<\/li>\n<li>Zal\u0103u. Festivalul roman<\/li>\n<li>Covaci (jud. Timi\u015f). Festivalul \u201eDacii Liberi\u201d<\/li>\n<li>Cluj-Napoca. T\u00e2rg de turism<\/li>\n<li>Bucure\u015fti. T\u00e2rg de turism<\/li>\n<\/ol>\n<p>ANUL 2011<\/p>\n<ol>\n<li>Zal\u0103u. Zilele Muzeului<\/li>\n<li>Carei (jud. Satu Mare). Zilele ora\u015fului<\/li>\n<li>Porolissum Fest<\/li>\n<li>Zal\u0103u. Zilele Zal\u0103ului<\/li>\n<li>Sighetu Marma\u0163iei (jud. Maramure\u015f). Festivalul Aeternus Maramorosiensis<\/li>\n<\/ol>\n<p>ANUL 2010<\/p>\n<ol>\n<li>Zal\u0103u. Zilele Muzeului<\/li>\n<li>Zilele daco-romane<\/li>\n<li>T\u0103\u015fnad (jud. Satu Mare). Zilele ora\u015fului<\/li>\n<li>Cluj-Napoca. Concursul interna\u0163ional de g\u0103tit \u00een aer liber<\/li>\n<\/ol>\n<p>ANUL 2009<\/p>\n<ol>\n<li>Moigrad. Festivalul Zilele Romane<\/li>\n<\/ol>\n<p>Vezi imagini de la evenimente \u00een pagina <a title=\"GALERIE FOTO\" href=\"http:\/\/amiciimuzeuluizalau.ro\/croco\/?page_id=153\" target=\"_blank\" rel=\"noopener noreferrer\">GALERIE FOTO!<\/a><\/p>\n","protected":false},"excerpt":{"rendered":"<p>Premii pentru activitatea depus&#259;, acordate Asocia&#355;iei Amicii Muzeului &ndash; Zal&#259;u&nbsp; [&hellip;]<\/p>\n","protected":false},"author":1,"featured_media":1078,"parent":0,"menu_order":5,"comment_status":"closed","ping_status":"closed","template":"","meta":{"ngg_post_thumbnail":0,"footnotes":""},"class_list":["post-1105","page","type-page","status-publish","has-post-thumbnail","hentry"],"yoast_head":"<!-- This site is optimized with the Yoast SEO plugin v27.0 - https:\/\/yoast.com\/product\/yoast-seo-wordpress\/ -->\n<title>EVENIMENTE<\/title>\n<meta name=\"description\" content=\"EVENIMENTE Premii pentru activitatea depus\u0103, acordate Asocia\u0163iei Amicii Muzeului Zal\u0103u Eforturile depuse de membrii asocia\u0163iei \u00een vederea promov\u0103rii\" \/>\n<meta name=\"robots\" content=\"index, follow, max-snippet:-1, max-image-preview:large, max-video-preview:-1\" \/>\n<link rel=\"canonical\" href=\"http:\/\/amiciimuzeuluizalau.ro\/croco\/evenimente\/\" \/>\n<meta property=\"og:locale\" content=\"ro_RO\" \/>\n<meta property=\"og:type\" content=\"article\" \/>\n<meta property=\"og:title\" content=\"EVENIMENTE\" \/>\n<meta property=\"og:description\" content=\"EVENIMENTE Premii pentru activitatea depus\u0103, acordate Asocia\u0163iei Amicii Muzeului Zal\u0103u Eforturile depuse de membrii asocia\u0163iei \u00een vederea promov\u0103rii\" \/>\n<meta property=\"og:url\" content=\"http:\/\/amiciimuzeuluizalau.ro\/croco\/evenimente\/\" \/>\n<meta property=\"og:site_name\" content=\"ASOCIA\u021aIA AMICII MUZEULUI - ZAL\u0102U\" \/>\n<meta property=\"article:modified_time\" content=\"2019-05-07T05:03:54+00:00\" \/>\n<meta property=\"og:image\" content=\"http:\/\/amiciimuzeuluizalau.ro\/croco\/wp-content\/uploads\/2014\/11\/SOC3922.jpg\" \/>\n\t<meta property=\"og:image:width\" content=\"2000\" \/>\n\t<meta property=\"og:image:height\" content=\"1335\" \/>\n\t<meta property=\"og:image:type\" content=\"image\/jpeg\" \/>\n<meta name=\"twitter:label1\" content=\"Timp estimat pentru citire\" \/>\n\t<meta name=\"twitter:data1\" content=\"2 minute\" \/>\n<script type=\"application\/ld+json\" class=\"yoast-schema-graph\">{\"@context\":\"https:\/\/schema.org\",\"@graph\":[{\"@type\":\"WebPage\",\"@id\":\"http:\/\/amiciimuzeuluizalau.ro\/croco\/evenimente\/\",\"url\":\"http:\/\/amiciimuzeuluizalau.ro\/croco\/evenimente\/\",\"name\":\"EVENIMENTE\",\"isPartOf\":{\"@id\":\"http:\/\/amiciimuzeuluizalau.ro\/croco\/#website\"},\"primaryImageOfPage\":{\"@id\":\"http:\/\/amiciimuzeuluizalau.ro\/croco\/evenimente\/#primaryimage\"},\"image\":{\"@id\":\"http:\/\/amiciimuzeuluizalau.ro\/croco\/evenimente\/#primaryimage\"},\"thumbnailUrl\":\"https:\/\/amiciimuzeuluizalau.ro\/croco\/wp-content\/uploads\/2014\/11\/SOC3922.jpg\",\"datePublished\":\"2014-11-25T23:07:17+00:00\",\"dateModified\":\"2019-05-07T05:03:54+00:00\",\"description\":\"EVENIMENTE Premii pentru activitatea depus\u0103, acordate Asocia\u0163iei Amicii Muzeului Zal\u0103u Eforturile depuse de membrii asocia\u0163iei \u00een vederea promov\u0103rii\",\"breadcrumb\":{\"@id\":\"http:\/\/amiciimuzeuluizalau.ro\/croco\/evenimente\/#breadcrumb\"},\"inLanguage\":\"ro-RO\",\"potentialAction\":[{\"@type\":\"ReadAction\",\"target\":[\"http:\/\/amiciimuzeuluizalau.ro\/croco\/evenimente\/\"]}]},{\"@type\":\"ImageObject\",\"inLanguage\":\"ro-RO\",\"@id\":\"http:\/\/amiciimuzeuluizalau.ro\/croco\/evenimente\/#primaryimage\",\"url\":\"https:\/\/amiciimuzeuluizalau.ro\/croco\/wp-content\/uploads\/2014\/11\/SOC3922.jpg\",\"contentUrl\":\"https:\/\/amiciimuzeuluizalau.ro\/croco\/wp-content\/uploads\/2014\/11\/SOC3922.jpg\",\"width\":2000,\"height\":1335},{\"@type\":\"BreadcrumbList\",\"@id\":\"http:\/\/amiciimuzeuluizalau.ro\/croco\/evenimente\/#breadcrumb\",\"itemListElement\":[{\"@type\":\"ListItem\",\"position\":1,\"name\":\"Home\",\"item\":\"http:\/\/amiciimuzeuluizalau.ro\/croco\/\"},{\"@type\":\"ListItem\",\"position\":2,\"name\":\"EVENIMENTE\"}]},{\"@type\":\"WebSite\",\"@id\":\"http:\/\/amiciimuzeuluizalau.ro\/croco\/#website\",\"url\":\"http:\/\/amiciimuzeuluizalau.ro\/croco\/\",\"name\":\"ASOCIA\u021aIA AMICII MUZEULUI - ZAL\u0102U\",\"description\":\"EDUCA\u021aIE PRIN ISTORIE\",\"publisher\":{\"@id\":\"http:\/\/amiciimuzeuluizalau.ro\/croco\/#organization\"},\"potentialAction\":[{\"@type\":\"SearchAction\",\"target\":{\"@type\":\"EntryPoint\",\"urlTemplate\":\"http:\/\/amiciimuzeuluizalau.ro\/croco\/?s={search_term_string}\"},\"query-input\":{\"@type\":\"PropertyValueSpecification\",\"valueRequired\":true,\"valueName\":\"search_term_string\"}}],\"inLanguage\":\"ro-RO\"},{\"@type\":\"Organization\",\"@id\":\"http:\/\/amiciimuzeuluizalau.ro\/croco\/#organization\",\"name\":\"Asocia\u021bia Amicii Muzeului Zal\u0103u\",\"url\":\"http:\/\/amiciimuzeuluizalau.ro\/croco\/\",\"logo\":{\"@type\":\"ImageObject\",\"inLanguage\":\"ro-RO\",\"@id\":\"http:\/\/amiciimuzeuluizalau.ro\/croco\/#\/schema\/logo\/image\/\",\"url\":\"http:\/\/amiciimuzeuluizalau.ro\/croco\/wp-content\/uploads\/2014\/11\/sigla_final-011.jpg\",\"contentUrl\":\"http:\/\/amiciimuzeuluizalau.ro\/croco\/wp-content\/uploads\/2014\/11\/sigla_final-011.jpg\",\"width\":3508,\"height\":2480,\"caption\":\"Asocia\u021bia Amicii Muzeului Zal\u0103u\"},\"image\":{\"@id\":\"http:\/\/amiciimuzeuluizalau.ro\/croco\/#\/schema\/logo\/image\/\"}}]}<\/script>\n<!-- \/ Yoast SEO plugin. -->","yoast_head_json":{"title":"EVENIMENTE","description":"EVENIMENTE Premii pentru activitatea depus\u0103, acordate Asocia\u0163iei Amicii Muzeului Zal\u0103u Eforturile depuse de membrii asocia\u0163iei \u00een vederea promov\u0103rii","robots":{"index":"index","follow":"follow","max-snippet":"max-snippet:-1","max-image-preview":"max-image-preview:large","max-video-preview":"max-video-preview:-1"},"canonical":"http:\/\/amiciimuzeuluizalau.ro\/croco\/evenimente\/","og_locale":"ro_RO","og_type":"article","og_title":"EVENIMENTE","og_description":"EVENIMENTE Premii pentru activitatea depus\u0103, acordate Asocia\u0163iei Amicii Muzeului Zal\u0103u Eforturile depuse de membrii asocia\u0163iei \u00een vederea promov\u0103rii","og_url":"http:\/\/amiciimuzeuluizalau.ro\/croco\/evenimente\/","og_site_name":"ASOCIA\u021aIA AMICII MUZEULUI - ZAL\u0102U","article_modified_time":"2019-05-07T05:03:54+00:00","og_image":[{"width":2000,"height":1335,"url":"http:\/\/amiciimuzeuluizalau.ro\/croco\/wp-content\/uploads\/2014\/11\/SOC3922.jpg","type":"image\/jpeg"}],"twitter_misc":{"Timp estimat pentru citire":"2 minute"},"schema":{"@context":"https:\/\/schema.org","@graph":[{"@type":"WebPage","@id":"http:\/\/amiciimuzeuluizalau.ro\/croco\/evenimente\/","url":"http:\/\/amiciimuzeuluizalau.ro\/croco\/evenimente\/","name":"EVENIMENTE","isPartOf":{"@id":"http:\/\/amiciimuzeuluizalau.ro\/croco\/#website"},"primaryImageOfPage":{"@id":"http:\/\/amiciimuzeuluizalau.ro\/croco\/evenimente\/#primaryimage"},"image":{"@id":"http:\/\/amiciimuzeuluizalau.ro\/croco\/evenimente\/#primaryimage"},"thumbnailUrl":"https:\/\/amiciimuzeuluizalau.ro\/croco\/wp-content\/uploads\/2014\/11\/SOC3922.jpg","datePublished":"2014-11-25T23:07:17+00:00","dateModified":"2019-05-07T05:03:54+00:00","description":"EVENIMENTE Premii pentru activitatea depus\u0103, acordate Asocia\u0163iei Amicii Muzeului Zal\u0103u Eforturile depuse de membrii asocia\u0163iei \u00een vederea promov\u0103rii","breadcrumb":{"@id":"http:\/\/amiciimuzeuluizalau.ro\/croco\/evenimente\/#breadcrumb"},"inLanguage":"ro-RO","potentialAction":[{"@type":"ReadAction","target":["http:\/\/amiciimuzeuluizalau.ro\/croco\/evenimente\/"]}]},{"@type":"ImageObject","inLanguage":"ro-RO","@id":"http:\/\/amiciimuzeuluizalau.ro\/croco\/evenimente\/#primaryimage","url":"https:\/\/amiciimuzeuluizalau.ro\/croco\/wp-content\/uploads\/2014\/11\/SOC3922.jpg","contentUrl":"https:\/\/amiciimuzeuluizalau.ro\/croco\/wp-content\/uploads\/2014\/11\/SOC3922.jpg","width":2000,"height":1335},{"@type":"BreadcrumbList","@id":"http:\/\/amiciimuzeuluizalau.ro\/croco\/evenimente\/#breadcrumb","itemListElement":[{"@type":"ListItem","position":1,"name":"Home","item":"http:\/\/amiciimuzeuluizalau.ro\/croco\/"},{"@type":"ListItem","position":2,"name":"EVENIMENTE"}]},{"@type":"WebSite","@id":"http:\/\/amiciimuzeuluizalau.ro\/croco\/#website","url":"http:\/\/amiciimuzeuluizalau.ro\/croco\/","name":"ASOCIA\u021aIA AMICII MUZEULUI - ZAL\u0102U","description":"EDUCA\u021aIE PRIN ISTORIE","publisher":{"@id":"http:\/\/amiciimuzeuluizalau.ro\/croco\/#organization"},"potentialAction":[{"@type":"SearchAction","target":{"@type":"EntryPoint","urlTemplate":"http:\/\/amiciimuzeuluizalau.ro\/croco\/?s={search_term_string}"},"query-input":{"@type":"PropertyValueSpecification","valueRequired":true,"valueName":"search_term_string"}}],"inLanguage":"ro-RO"},{"@type":"Organization","@id":"http:\/\/amiciimuzeuluizalau.ro\/croco\/#organization","name":"Asocia\u021bia Amicii Muzeului Zal\u0103u","url":"http:\/\/amiciimuzeuluizalau.ro\/croco\/","logo":{"@type":"ImageObject","inLanguage":"ro-RO","@id":"http:\/\/amiciimuzeuluizalau.ro\/croco\/#\/schema\/logo\/image\/","url":"http:\/\/amiciimuzeuluizalau.ro\/croco\/wp-content\/uploads\/2014\/11\/sigla_final-011.jpg","contentUrl":"http:\/\/amiciimuzeuluizalau.ro\/croco\/wp-content\/uploads\/2014\/11\/sigla_final-011.jpg","width":3508,"height":2480,"caption":"Asocia\u021bia Amicii Muzeului Zal\u0103u"},"image":{"@id":"http:\/\/amiciimuzeuluizalau.ro\/croco\/#\/schema\/logo\/image\/"}}]}},"_links":{"self":[{"href":"https:\/\/amiciimuzeuluizalau.ro\/croco\/wp-json\/wp\/v2\/pages\/1105","targetHints":{"allow":["GET"]}}],"collection":[{"href":"https:\/\/amiciimuzeuluizalau.ro\/croco\/wp-json\/wp\/v2\/pages"}],"about":[{"href":"https:\/\/amiciimuzeuluizalau.ro\/croco\/wp-json\/wp\/v2\/types\/page"}],"author":[{"embeddable":true,"href":"https:\/\/amiciimuzeuluizalau.ro\/croco\/wp-json\/wp\/v2\/users\/1"}],"replies":[{"embeddable":true,"href":"https:\/\/amiciimuzeuluizalau.ro\/croco\/wp-json\/wp\/v2\/comments?post=1105"}],"version-history":[{"count":40,"href":"https:\/\/amiciimuzeuluizalau.ro\/croco\/wp-json\/wp\/v2\/pages\/1105\/revisions"}],"predecessor-version":[{"id":3165,"href":"https:\/\/amiciimuzeuluizalau.ro\/croco\/wp-json\/wp\/v2\/pages\/1105\/revisions\/3165"}],"wp:featuredmedia":[{"embeddable":true,"href":"https:\/\/amiciimuzeuluizalau.ro\/croco\/wp-json\/wp\/v2\/media\/1078"}],"wp:attachment":[{"href":"https:\/\/amiciimuzeuluizalau.ro\/croco\/wp-json\/wp\/v2\/media?parent=1105"}],"curies":[{"name":"wp","href":"https:\/\/api.w.org\/{rel}","templated":true}]}}