{"id":5,"date":"2014-11-09T17:25:49","date_gmt":"2014-11-09T17:25:49","guid":{"rendered":"http:\/\/amiciimuzeuluizalau.ro\/croco\/?page_id=5"},"modified":"2019-02-13T10:35:19","modified_gmt":"2019-02-13T08:35:19","slug":"romanii","status":"publish","type":"page","link":"http:\/\/amiciimuzeuluizalau.ro\/croco\/romanii\/","title":{"rendered":"RECONSTITUIRE ISTORIC\u0102"},"content":{"rendered":"<p><strong><em>LIVING HISTORY<\/em><\/strong><strong> \u0219i <em>REENACTMENT<\/em><\/strong><\/p>\n<p>Informa\u021biile oferite de s\u0103p\u0103tura arheologic\u0103 sunt completate deseori de rezultatele arheologiei experimentale care \u00eencearc\u0103 s\u0103 reconstituie metodele prin care au fost produse anumite categorii de artefacte (de uz civil sau militar) ori de realizare a unor construc\u021bii. Dup\u0103 cum se \u0219tie, pe l\u00e2ng\u0103 arheologia experimental\u0103 (\u00een care sunt implica\u021bi speciali\u0219ti) s-a dezvoltat \u0219i acel concept de <em>living history<\/em>, adic\u0103 de reconstituire a unor evenimente importante din istorie (\u00een principal reconstituirea unor b\u0103t\u0103lii), reconstituiri realizate de c\u0103tre <em>reenactors <\/em>(persoane cu diverse specialit\u0103\u021bi, nu neap\u0103rat istorici\/arheologi) care prin echipamente \u0219i comportament \u00eencearc\u0103 s\u0103 re\u00eenvie diverse personaje \u0219i momente istorice.<\/p>\n<p>Dup\u0103 anul 1989, activit\u0103\u021bile de tip <em>living history<\/em> au ap\u0103rut \u0219i \u00een Rom\u00e2nia, acestea lu\u00e2nd amploare mai ales \u00een ultimii ani c\u00e2nd au ap\u0103rut o serie organiza\u021bii non-guvernamentale (asocia\u021bii). Aceste organiza\u021bii au \u00een componen\u021b\u0103 <em>reenactors <\/em>care \u00eencearc\u0103 reconstituirea unor aspecte de via\u021b\u0103 din diverse etape cronologice: antichitate, evul mediu, perioada modern\u0103 \u0219i cea contemporan\u0103.<\/p>\n<p><strong><em><a href=\"http:\/\/amiciimuzeuluizalau.ro\/croco\/wp-content\/uploads\/2014\/11\/DSC_0013.jpg\"><img loading=\"lazy\" decoding=\"async\" class=\"alignnone size-thumbnail wp-image-1042\" src=\"http:\/\/amiciimuzeuluizalau.ro\/croco\/wp-content\/uploads\/2014\/11\/DSC_0013-150x150.jpg\" alt=\"DSC_0013\" width=\"150\" height=\"150\"><\/a><a href=\"http:\/\/amiciimuzeuluizalau.ro\/croco\/wp-content\/uploads\/2014\/11\/DSC_0147.jpg\"><img loading=\"lazy\" decoding=\"async\" class=\"alignnone size-thumbnail wp-image-1041\" src=\"http:\/\/amiciimuzeuluizalau.ro\/croco\/wp-content\/uploads\/2014\/11\/DSC_0147-150x150.jpg\" alt=\"DSC_0147\" width=\"150\" height=\"150\"><\/a><a href=\"http:\/\/amiciimuzeuluizalau.ro\/croco\/wp-content\/uploads\/2014\/11\/SOC4156.jpg\"><img loading=\"lazy\" decoding=\"async\" class=\"alignnone size-thumbnail wp-image-1085\" src=\"http:\/\/amiciimuzeuluizalau.ro\/croco\/wp-content\/uploads\/2014\/11\/SOC4156-150x150.jpg\" alt=\"_SOC4156\" width=\"150\" height=\"150\"><\/a><a href=\"http:\/\/amiciimuzeuluizalau.ro\/croco\/wp-content\/uploads\/2014\/11\/Zile-2011.jpg\"><img loading=\"lazy\" decoding=\"async\" class=\"alignnone size-thumbnail wp-image-64\" src=\"http:\/\/amiciimuzeuluizalau.ro\/croco\/wp-content\/uploads\/2014\/11\/Zile-2011-150x150.jpg\" alt=\"Zile 2011\" width=\"150\" height=\"150\"><\/a>&nbsp; &nbsp; &nbsp; &nbsp; &nbsp; &nbsp; &nbsp; &nbsp; &nbsp; &nbsp; &nbsp; &nbsp; &nbsp; &nbsp;&nbsp;<\/em><\/strong><\/p>\n<p><strong><em>Reconstituirea istoric\u0103, modalitate de promovare a patrimoniului cultural local, de atragere a turi\u015ftilor \u015fi de cre\u015ftere a vizibilit\u0103\u0163ii zonei<\/em><\/strong><\/p>\n<p>Din dorin\u0163a de a promova \u015fi sub alt\u0103 form\u0103 vestigiile arheologice de la Porolissum (\u201eun Porolissum viu\u201d), \u00een sprijinul Muzeului Jude\u0163ean de Istorie \u015fi Art\u0103-Zal\u0103u a fost \u00eenfiin\u0163at\u0103 \u00een anul 2011 <em>ASOCIA\u0162IA AMICII MUZEULUI<\/em>.<\/p>\n<p>Prezent\u0103rile de reconstituiri ale unor costume civile \u015fi militare (dacice \u015fi romane legate de istoria Daciei \u015fi a anticului Porolissum) au rolul de a ar\u0103ta aspecte din via\u0163a popula\u0163iei civile \u015fi militare care a locuit aici. Aceast\u0103 prezentare de echipamente reconstituite are rol muzeografic, de introducere a publicului \u00een atmosfera epocii (care era structura societ\u0103\u0163ilor civile dacice \u015fi romane, ce \u00eensemna armata dacilor, ce \u00eensemna armata roman\u0103) \u015fi rol educativ contribuind la cre\u015fterea gradului de informare a publicului larg nefamiliarizat cu istoria antic\u0103 \u00een general \u015fi cea a Daciei \u00een special.<\/p>\n<p>Prin aceste reconstituiri urm\u0103rim cre\u015fterea vizibilit\u0103\u0163ii interna\u0163ionale a Rom\u00e2niei \u00een general \u015fi a Porolissumului \u00een special, determin\u00e2nd astfel \u015fi cre\u015fterea num\u0103rului de turi\u015fti interesa\u0163i s\u0103 viziteze Rom\u00e2nia, jude\u0163ul S\u0103laj \u015fi <em>Complexul Arheologic Daco-Roman de la Moigrad-Porolissum<\/em> \u00een special.<\/p>\n<p>Prezen\u0163a asocia\u0163iei la toate aceste manifest\u0103ri culturale reprezint\u0103 o excelent\u0103 ocazie de a promova festivalurile de reconstituire istoric\u0103 care se deruleaz\u0103 de ani buni \u00een Complexul Arheologic Porolissum (Porolissum Fest) \u015fi Zal\u0103u (Festivalul Roman).<\/p>\n","protected":false},"excerpt":{"rendered":"<p>LIVING HISTORY &#537;i REENACTMENT Informa&#539;iile oferite de s&#259;p&#259;tura arheologic&#259; sunt [&hellip;]<\/p>\n","protected":false},"author":1,"featured_media":3054,"parent":0,"menu_order":2,"comment_status":"closed","ping_status":"closed","template":"","meta":{"ngg_post_thumbnail":0,"footnotes":""},"class_list":["post-5","page","type-page","status-publish","has-post-thumbnail","hentry"],"yoast_head":"<!-- This site is optimized with the Yoast SEO plugin v27.0 - https:\/\/yoast.com\/product\/yoast-seo-wordpress\/ -->\n<title>RECONSTITUIRE ISTORIC\u0102<\/title>\n<meta name=\"description\" content=\"RECONSTITUIRE ISTORIC\u0102 Reconstituirea istoric\u0103, modalitate de promovare a patrimoniului cultural local, de atragere a turi\u015ftilor\" \/>\n<meta name=\"robots\" content=\"index, follow, max-snippet:-1, max-image-preview:large, max-video-preview:-1\" \/>\n<link rel=\"canonical\" href=\"https:\/\/amiciimuzeuluizalau.ro\/croco\/romanii\/\" \/>\n<meta property=\"og:locale\" content=\"ro_RO\" \/>\n<meta property=\"og:type\" content=\"article\" \/>\n<meta property=\"og:title\" content=\"RECONSTITUIRE ISTORIC\u0102\" \/>\n<meta property=\"og:description\" content=\"RECONSTITUIRE ISTORIC\u0102 Reconstituirea istoric\u0103, modalitate de promovare a patrimoniului cultural local, de atragere a turi\u015ftilor\" \/>\n<meta property=\"og:url\" content=\"https:\/\/amiciimuzeuluizalau.ro\/croco\/romanii\/\" \/>\n<meta property=\"og:site_name\" content=\"ASOCIA\u021aIA AMICII MUZEULUI - ZAL\u0102U\" \/>\n<meta property=\"article:modified_time\" content=\"2019-02-13T08:35:19+00:00\" \/>\n<meta property=\"og:image\" content=\"https:\/\/amiciimuzeuluizalau.ro\/croco\/wp-content\/uploads\/2019\/02\/A-1024x678.jpg\" \/>\n\t<meta property=\"og:image:width\" content=\"1024\" \/>\n\t<meta property=\"og:image:height\" content=\"678\" \/>\n\t<meta property=\"og:image:type\" content=\"image\/jpeg\" \/>\n<meta name=\"twitter:label1\" content=\"Timp estimat pentru citire\" \/>\n\t<meta name=\"twitter:data1\" content=\"2 minute\" \/>\n<script type=\"application\/ld+json\" class=\"yoast-schema-graph\">{\"@context\":\"https:\/\/schema.org\",\"@graph\":[{\"@type\":\"WebPage\",\"@id\":\"https:\/\/amiciimuzeuluizalau.ro\/croco\/romanii\/\",\"url\":\"https:\/\/amiciimuzeuluizalau.ro\/croco\/romanii\/\",\"name\":\"RECONSTITUIRE ISTORIC\u0102\",\"isPartOf\":{\"@id\":\"http:\/\/amiciimuzeuluizalau.ro\/croco\/#website\"},\"primaryImageOfPage\":{\"@id\":\"https:\/\/amiciimuzeuluizalau.ro\/croco\/romanii\/#primaryimage\"},\"image\":{\"@id\":\"https:\/\/amiciimuzeuluizalau.ro\/croco\/romanii\/#primaryimage\"},\"thumbnailUrl\":\"http:\/\/amiciimuzeuluizalau.ro\/croco\/wp-content\/uploads\/2019\/02\/A.jpg\",\"datePublished\":\"2014-11-09T17:25:49+00:00\",\"dateModified\":\"2019-02-13T08:35:19+00:00\",\"description\":\"RECONSTITUIRE ISTORIC\u0102 Reconstituirea istoric\u0103, modalitate de promovare a patrimoniului cultural local, de atragere a turi\u015ftilor\",\"breadcrumb\":{\"@id\":\"https:\/\/amiciimuzeuluizalau.ro\/croco\/romanii\/#breadcrumb\"},\"inLanguage\":\"ro-RO\",\"potentialAction\":[{\"@type\":\"ReadAction\",\"target\":[\"https:\/\/amiciimuzeuluizalau.ro\/croco\/romanii\/\"]}]},{\"@type\":\"ImageObject\",\"inLanguage\":\"ro-RO\",\"@id\":\"https:\/\/amiciimuzeuluizalau.ro\/croco\/romanii\/#primaryimage\",\"url\":\"http:\/\/amiciimuzeuluizalau.ro\/croco\/wp-content\/uploads\/2019\/02\/A.jpg\",\"contentUrl\":\"http:\/\/amiciimuzeuluizalau.ro\/croco\/wp-content\/uploads\/2019\/02\/A.jpg\",\"width\":3696,\"height\":2448},{\"@type\":\"BreadcrumbList\",\"@id\":\"https:\/\/amiciimuzeuluizalau.ro\/croco\/romanii\/#breadcrumb\",\"itemListElement\":[{\"@type\":\"ListItem\",\"position\":1,\"name\":\"Home\",\"item\":\"http:\/\/amiciimuzeuluizalau.ro\/croco\/\"},{\"@type\":\"ListItem\",\"position\":2,\"name\":\"RECONSTITUIRE ISTORIC\u0102\"}]},{\"@type\":\"WebSite\",\"@id\":\"http:\/\/amiciimuzeuluizalau.ro\/croco\/#website\",\"url\":\"http:\/\/amiciimuzeuluizalau.ro\/croco\/\",\"name\":\"ASOCIA\u021aIA AMICII MUZEULUI - ZAL\u0102U\",\"description\":\"EDUCA\u021aIE PRIN ISTORIE\",\"publisher\":{\"@id\":\"http:\/\/amiciimuzeuluizalau.ro\/croco\/#organization\"},\"potentialAction\":[{\"@type\":\"SearchAction\",\"target\":{\"@type\":\"EntryPoint\",\"urlTemplate\":\"http:\/\/amiciimuzeuluizalau.ro\/croco\/?s={search_term_string}\"},\"query-input\":{\"@type\":\"PropertyValueSpecification\",\"valueRequired\":true,\"valueName\":\"search_term_string\"}}],\"inLanguage\":\"ro-RO\"},{\"@type\":\"Organization\",\"@id\":\"http:\/\/amiciimuzeuluizalau.ro\/croco\/#organization\",\"name\":\"Asocia\u021bia Amicii Muzeului Zal\u0103u\",\"url\":\"http:\/\/amiciimuzeuluizalau.ro\/croco\/\",\"logo\":{\"@type\":\"ImageObject\",\"inLanguage\":\"ro-RO\",\"@id\":\"http:\/\/amiciimuzeuluizalau.ro\/croco\/#\/schema\/logo\/image\/\",\"url\":\"http:\/\/amiciimuzeuluizalau.ro\/croco\/wp-content\/uploads\/2014\/11\/sigla_final-011.jpg\",\"contentUrl\":\"http:\/\/amiciimuzeuluizalau.ro\/croco\/wp-content\/uploads\/2014\/11\/sigla_final-011.jpg\",\"width\":3508,\"height\":2480,\"caption\":\"Asocia\u021bia Amicii Muzeului Zal\u0103u\"},\"image\":{\"@id\":\"http:\/\/amiciimuzeuluizalau.ro\/croco\/#\/schema\/logo\/image\/\"}}]}<\/script>\n<!-- \/ Yoast SEO plugin. -->","yoast_head_json":{"title":"RECONSTITUIRE ISTORIC\u0102","description":"RECONSTITUIRE ISTORIC\u0102 Reconstituirea istoric\u0103, modalitate de promovare a patrimoniului cultural local, de atragere a turi\u015ftilor","robots":{"index":"index","follow":"follow","max-snippet":"max-snippet:-1","max-image-preview":"max-image-preview:large","max-video-preview":"max-video-preview:-1"},"canonical":"https:\/\/amiciimuzeuluizalau.ro\/croco\/romanii\/","og_locale":"ro_RO","og_type":"article","og_title":"RECONSTITUIRE ISTORIC\u0102","og_description":"RECONSTITUIRE ISTORIC\u0102 Reconstituirea istoric\u0103, modalitate de promovare a patrimoniului cultural local, de atragere a turi\u015ftilor","og_url":"https:\/\/amiciimuzeuluizalau.ro\/croco\/romanii\/","og_site_name":"ASOCIA\u021aIA AMICII MUZEULUI - ZAL\u0102U","article_modified_time":"2019-02-13T08:35:19+00:00","og_image":[{"width":1024,"height":678,"url":"https:\/\/amiciimuzeuluizalau.ro\/croco\/wp-content\/uploads\/2019\/02\/A-1024x678.jpg","type":"image\/jpeg"}],"twitter_misc":{"Timp estimat pentru citire":"2 minute"},"schema":{"@context":"https:\/\/schema.org","@graph":[{"@type":"WebPage","@id":"https:\/\/amiciimuzeuluizalau.ro\/croco\/romanii\/","url":"https:\/\/amiciimuzeuluizalau.ro\/croco\/romanii\/","name":"RECONSTITUIRE ISTORIC\u0102","isPartOf":{"@id":"http:\/\/amiciimuzeuluizalau.ro\/croco\/#website"},"primaryImageOfPage":{"@id":"https:\/\/amiciimuzeuluizalau.ro\/croco\/romanii\/#primaryimage"},"image":{"@id":"https:\/\/amiciimuzeuluizalau.ro\/croco\/romanii\/#primaryimage"},"thumbnailUrl":"http:\/\/amiciimuzeuluizalau.ro\/croco\/wp-content\/uploads\/2019\/02\/A.jpg","datePublished":"2014-11-09T17:25:49+00:00","dateModified":"2019-02-13T08:35:19+00:00","description":"RECONSTITUIRE ISTORIC\u0102 Reconstituirea istoric\u0103, modalitate de promovare a patrimoniului cultural local, de atragere a turi\u015ftilor","breadcrumb":{"@id":"https:\/\/amiciimuzeuluizalau.ro\/croco\/romanii\/#breadcrumb"},"inLanguage":"ro-RO","potentialAction":[{"@type":"ReadAction","target":["https:\/\/amiciimuzeuluizalau.ro\/croco\/romanii\/"]}]},{"@type":"ImageObject","inLanguage":"ro-RO","@id":"https:\/\/amiciimuzeuluizalau.ro\/croco\/romanii\/#primaryimage","url":"http:\/\/amiciimuzeuluizalau.ro\/croco\/wp-content\/uploads\/2019\/02\/A.jpg","contentUrl":"http:\/\/amiciimuzeuluizalau.ro\/croco\/wp-content\/uploads\/2019\/02\/A.jpg","width":3696,"height":2448},{"@type":"BreadcrumbList","@id":"https:\/\/amiciimuzeuluizalau.ro\/croco\/romanii\/#breadcrumb","itemListElement":[{"@type":"ListItem","position":1,"name":"Home","item":"http:\/\/amiciimuzeuluizalau.ro\/croco\/"},{"@type":"ListItem","position":2,"name":"RECONSTITUIRE ISTORIC\u0102"}]},{"@type":"WebSite","@id":"http:\/\/amiciimuzeuluizalau.ro\/croco\/#website","url":"http:\/\/amiciimuzeuluizalau.ro\/croco\/","name":"ASOCIA\u021aIA AMICII MUZEULUI - ZAL\u0102U","description":"EDUCA\u021aIE PRIN ISTORIE","publisher":{"@id":"http:\/\/amiciimuzeuluizalau.ro\/croco\/#organization"},"potentialAction":[{"@type":"SearchAction","target":{"@type":"EntryPoint","urlTemplate":"http:\/\/amiciimuzeuluizalau.ro\/croco\/?s={search_term_string}"},"query-input":{"@type":"PropertyValueSpecification","valueRequired":true,"valueName":"search_term_string"}}],"inLanguage":"ro-RO"},{"@type":"Organization","@id":"http:\/\/amiciimuzeuluizalau.ro\/croco\/#organization","name":"Asocia\u021bia Amicii Muzeului Zal\u0103u","url":"http:\/\/amiciimuzeuluizalau.ro\/croco\/","logo":{"@type":"ImageObject","inLanguage":"ro-RO","@id":"http:\/\/amiciimuzeuluizalau.ro\/croco\/#\/schema\/logo\/image\/","url":"http:\/\/amiciimuzeuluizalau.ro\/croco\/wp-content\/uploads\/2014\/11\/sigla_final-011.jpg","contentUrl":"http:\/\/amiciimuzeuluizalau.ro\/croco\/wp-content\/uploads\/2014\/11\/sigla_final-011.jpg","width":3508,"height":2480,"caption":"Asocia\u021bia Amicii Muzeului Zal\u0103u"},"image":{"@id":"http:\/\/amiciimuzeuluizalau.ro\/croco\/#\/schema\/logo\/image\/"}}]}},"_links":{"self":[{"href":"http:\/\/amiciimuzeuluizalau.ro\/croco\/wp-json\/wp\/v2\/pages\/5","targetHints":{"allow":["GET"]}}],"collection":[{"href":"http:\/\/amiciimuzeuluizalau.ro\/croco\/wp-json\/wp\/v2\/pages"}],"about":[{"href":"http:\/\/amiciimuzeuluizalau.ro\/croco\/wp-json\/wp\/v2\/types\/page"}],"author":[{"embeddable":true,"href":"http:\/\/amiciimuzeuluizalau.ro\/croco\/wp-json\/wp\/v2\/users\/1"}],"replies":[{"embeddable":true,"href":"http:\/\/amiciimuzeuluizalau.ro\/croco\/wp-json\/wp\/v2\/comments?post=5"}],"version-history":[{"count":22,"href":"http:\/\/amiciimuzeuluizalau.ro\/croco\/wp-json\/wp\/v2\/pages\/5\/revisions"}],"predecessor-version":[{"id":3036,"href":"http:\/\/amiciimuzeuluizalau.ro\/croco\/wp-json\/wp\/v2\/pages\/5\/revisions\/3036"}],"wp:featuredmedia":[{"embeddable":true,"href":"http:\/\/amiciimuzeuluizalau.ro\/croco\/wp-json\/wp\/v2\/media\/3054"}],"wp:attachment":[{"href":"http:\/\/amiciimuzeuluizalau.ro\/croco\/wp-json\/wp\/v2\/media?parent=5"}],"curies":[{"name":"wp","href":"https:\/\/api.w.org\/{rel}","templated":true}]}}