{"id":2,"date":"2014-11-06T08:06:55","date_gmt":"2014-11-06T08:06:55","guid":{"rendered":"http:\/\/amiciimuzeuluizalau.ro\/croco\/?page_id=2"},"modified":"2019-02-14T07:59:08","modified_gmt":"2019-02-14T05:59:08","slug":"grupuri","status":"publish","type":"page","link":"http:\/\/amiciimuzeuluizalau.ro\/croco\/grupuri\/","title":{"rendered":"GRUPURI"},"content":{"rendered":"<p style=\"text-align: center;\"><strong><em>Grupurile de reconstituire istoric\u0103 din cadrul <\/em><\/strong><\/p>\n<p style=\"text-align: center;\"><strong><em>Asocia\u0163iei Amicii Muzeului &#8211; Zal\u0103u:<\/em><\/strong><\/p>\n<p><strong><em>LEGIO VII GEMINA FELIX PIA FIDELIS<\/em><\/strong><\/p>\n<p>ngg_shortcode_0_placeholderReconstituie o vexila\u0163ie (o cohort\u0103 \u2013 COH III) din aceast\u0103 legiune roman\u0103 care a sta\u0163ionat la Porolissum \u00een castrul mare de pe Dealul Pom\u0103t. Prezen\u0163a acestei unit\u0103\u0163i militare la Porolissum este atestat\u0103 de \u015ftampilele tegulare descoperite.<\/p>\n<p>Legiunea a VII-a a fost creat\u0103 \u00een 10 iunie 68 de c\u0103tre \u00eemp\u0103ratul Galba. \u00cen anul 74 Vespasian mut\u0103 aceast\u0103 legiune definitiv \u00een Hispania la Leon (lat. Legio) unde va fi men\u021bionat\u0103 chiar \u0219i \u00een sec. V. Apelativul de gemina-\u00een greac\u0103 didiuma- (tr. amestecat\u0103\/\u00eenfr\u0103\u021bit\u0103) vine de la faptul c\u0103 a fost recreat\u0103 din dou\u0103 legiuni: a VII Galbiana \u0219i I Germanica, devenind a VII-a Gemina. \u00cen timpul lui Traian va primi \u0219i apelativul de Felix, numele final complet fiind Legio VII Gemina Felix Pia Fidelis.<\/p>\n<p>Septimius Severus ia aproape toate trupele din Dacia pentru a le duce \u00een r\u0103zboaiele din Orient, inclusiv p\u0103r\u021bi din legiunile a XIII-a Gemina \u0219i a V-a Macedonica. \u00cen locul trupelor de la Porolissum, se aduce o parte din legiunea a VII-a Gemina care, \u00een perioada \u00een care a sta\u021bionat aici, a recondi\u021bionat zone din castru, \u00een principal cl\u0103direa comandamentului.<\/p>\n<p><strong><em>LUPII DACIEI<\/em><\/strong><\/p>\n<p>ngg_shortcode_1_placeholderGrup de reconstituire istoric\u0103 din cadrul Asocia\u0163iei Amicii Muzeului compus din r\u0103zboinici daci \u015fi alia\u0163ii lor germanici (buri). Majoritatea o de\u0163ine grupul de daci, aristocra\u0163i (tarabostes, pileati) cu lupt\u0103tori din anturajul lor (comati) \u015fi civili (femei \u015fi copii). Inspirate din reprezent\u0103rile Columnei lui Traian \u015fi din descoperirile arheologice din zon\u0103, sau din arealul fostei Dacii preromane, echipamentele \u015fi arsenalul r\u0103zboinicilor caut\u0103 s\u0103 reprezinte c\u00e2t mai fidel grupurile etnice care au format, la \u00eenceputul celui de-al doilea secol al erei noastre, alian\u0163a antiroman\u0103 creat\u0103 de ultimul rege al Daciei, Decebal.<\/p>\n<p><strong><em>MAGNA SARMATIA<\/em><\/strong><\/p>\n<p>ngg_shortcode_2_placeholderReprezint\u0103 grupul de r\u0103zboinici sarma\u0163i, femei \u015fi b\u0103rba\u0163i, care se sprijin\u0103 reciproc \u00een lupt\u0103. Femeile, arca\u015fe, preg\u0103tesc atacul cu salvele de s\u0103ge\u0163i, iar b\u0103rba\u0163ii, \u00eenarma\u0163i cu arme specifice sau preluate de la daci, echipa\u0163i cu armuri din piele \u015fi coifuri, particip\u0103 al\u0103turi de daci la ac\u0163iunile militare comune. Stindardul lor propriu \u015fi num\u0103rul \u00eei diferen\u0163iaz\u0103 ca grup distinct \u00een cadrul asocia\u0163iei.<\/p>\n<p><strong>VIA\u021aA \u00ceN ANTICHITATE<\/strong><\/p>\n<p>ngg_shortcode_3_placeholderDesigur c\u0103, nu este vizat\u0103 doar via\u021ba soldatului ci \u0219i cea a civilului fiind abordate astfel \u0219i aspecte legate ale petrecerea timpului liber (joaca \u0219i jocurile), medicin\u0103, me\u0219te\u0219uguri, \u0219coala, practici religioase \u0219i gastronomie \u00een antichitate.<\/p>\n<p>&nbsp;<\/p>\n","protected":false},"excerpt":{"rendered":"<p>Grupurile de reconstituire istoric&#259; din cadrul Asocia&#355;iei Amicii Muzeului &ndash; [&hellip;]<\/p>\n","protected":false},"author":1,"featured_media":1079,"parent":0,"menu_order":3,"comment_status":"closed","ping_status":"closed","template":"","meta":{"ngg_post_thumbnail":0,"footnotes":""},"class_list":["post-2","page","type-page","status-publish","has-post-thumbnail","hentry"],"yoast_head":"<!-- This site is optimized with the Yoast SEO plugin v27.0 - https:\/\/yoast.com\/product\/yoast-seo-wordpress\/ -->\n<title>GRUPURI - Grupurile de reconstituire istoric\u0103 din cadrul<\/title>\n<meta name=\"description\" content=\"GRUPURI :LEGIO VII GEMINA FELIX PIA FIDELIS NVMERVS PALMYRENORVM POROLISSENSIVM SAGITTARIORVM CIVIVM ROMANORVM LUPII DACIEI MAGNA SARMATIA\" \/>\n<meta name=\"robots\" content=\"index, follow, max-snippet:-1, max-image-preview:large, max-video-preview:-1\" \/>\n<link rel=\"canonical\" href=\"http:\/\/amiciimuzeuluizalau.ro\/croco\/grupuri\/\" \/>\n<meta property=\"og:locale\" content=\"ro_RO\" \/>\n<meta property=\"og:type\" content=\"article\" \/>\n<meta property=\"og:title\" content=\"GRUPURI - Grupurile de reconstituire istoric\u0103 din cadrul\" \/>\n<meta property=\"og:description\" content=\"GRUPURI :LEGIO VII GEMINA FELIX PIA FIDELIS NVMERVS PALMYRENORVM POROLISSENSIVM SAGITTARIORVM CIVIVM ROMANORVM LUPII DACIEI MAGNA SARMATIA\" \/>\n<meta property=\"og:url\" content=\"http:\/\/amiciimuzeuluizalau.ro\/croco\/grupuri\/\" \/>\n<meta property=\"og:site_name\" content=\"ASOCIA\u021aIA AMICII MUZEULUI - ZAL\u0102U\" \/>\n<meta property=\"article:modified_time\" content=\"2019-02-14T05:59:08+00:00\" \/>\n<meta property=\"og:image\" content=\"http:\/\/amiciimuzeuluizalau.ro\/croco\/wp-content\/uploads\/2014\/11\/DSC_0580-1024x678.jpg\" \/>\n\t<meta property=\"og:image:width\" content=\"1024\" \/>\n\t<meta property=\"og:image:height\" content=\"678\" \/>\n\t<meta property=\"og:image:type\" content=\"image\/jpeg\" \/>\n<meta name=\"twitter:label1\" content=\"Timp estimat pentru citire\" \/>\n\t<meta name=\"twitter:data1\" content=\"2 minute\" \/>\n<script type=\"application\/ld+json\" class=\"yoast-schema-graph\">{\"@context\":\"https:\/\/schema.org\",\"@graph\":[{\"@type\":\"WebPage\",\"@id\":\"http:\/\/amiciimuzeuluizalau.ro\/croco\/grupuri\/\",\"url\":\"http:\/\/amiciimuzeuluizalau.ro\/croco\/grupuri\/\",\"name\":\"GRUPURI - Grupurile de reconstituire istoric\u0103 din cadrul\",\"isPartOf\":{\"@id\":\"https:\/\/amiciimuzeuluizalau.ro\/croco\/#website\"},\"primaryImageOfPage\":{\"@id\":\"http:\/\/amiciimuzeuluizalau.ro\/croco\/grupuri\/#primaryimage\"},\"image\":{\"@id\":\"http:\/\/amiciimuzeuluizalau.ro\/croco\/grupuri\/#primaryimage\"},\"thumbnailUrl\":\"http:\/\/amiciimuzeuluizalau.ro\/croco\/wp-content\/uploads\/2014\/11\/DSC_0580.jpg\",\"datePublished\":\"2014-11-06T08:06:55+00:00\",\"dateModified\":\"2019-02-14T05:59:08+00:00\",\"description\":\"GRUPURI :LEGIO VII GEMINA FELIX PIA FIDELIS NVMERVS PALMYRENORVM POROLISSENSIVM SAGITTARIORVM CIVIVM ROMANORVM LUPII DACIEI MAGNA SARMATIA\",\"breadcrumb\":{\"@id\":\"http:\/\/amiciimuzeuluizalau.ro\/croco\/grupuri\/#breadcrumb\"},\"inLanguage\":\"ro-RO\",\"potentialAction\":[{\"@type\":\"ReadAction\",\"target\":[\"http:\/\/amiciimuzeuluizalau.ro\/croco\/grupuri\/\"]}]},{\"@type\":\"ImageObject\",\"inLanguage\":\"ro-RO\",\"@id\":\"http:\/\/amiciimuzeuluizalau.ro\/croco\/grupuri\/#primaryimage\",\"url\":\"http:\/\/amiciimuzeuluizalau.ro\/croco\/wp-content\/uploads\/2014\/11\/DSC_0580.jpg\",\"contentUrl\":\"http:\/\/amiciimuzeuluizalau.ro\/croco\/wp-content\/uploads\/2014\/11\/DSC_0580.jpg\",\"width\":2200,\"height\":1457},{\"@type\":\"BreadcrumbList\",\"@id\":\"http:\/\/amiciimuzeuluizalau.ro\/croco\/grupuri\/#breadcrumb\",\"itemListElement\":[{\"@type\":\"ListItem\",\"position\":1,\"name\":\"Home\",\"item\":\"https:\/\/amiciimuzeuluizalau.ro\/croco\/\"},{\"@type\":\"ListItem\",\"position\":2,\"name\":\"GRUPURI\"}]},{\"@type\":\"WebSite\",\"@id\":\"https:\/\/amiciimuzeuluizalau.ro\/croco\/#website\",\"url\":\"https:\/\/amiciimuzeuluizalau.ro\/croco\/\",\"name\":\"ASOCIA\u021aIA AMICII MUZEULUI - ZAL\u0102U\",\"description\":\"EDUCA\u021aIE PRIN ISTORIE\",\"publisher\":{\"@id\":\"https:\/\/amiciimuzeuluizalau.ro\/croco\/#organization\"},\"potentialAction\":[{\"@type\":\"SearchAction\",\"target\":{\"@type\":\"EntryPoint\",\"urlTemplate\":\"https:\/\/amiciimuzeuluizalau.ro\/croco\/?s={search_term_string}\"},\"query-input\":{\"@type\":\"PropertyValueSpecification\",\"valueRequired\":true,\"valueName\":\"search_term_string\"}}],\"inLanguage\":\"ro-RO\"},{\"@type\":\"Organization\",\"@id\":\"https:\/\/amiciimuzeuluizalau.ro\/croco\/#organization\",\"name\":\"Asocia\u021bia Amicii Muzeului Zal\u0103u\",\"url\":\"https:\/\/amiciimuzeuluizalau.ro\/croco\/\",\"logo\":{\"@type\":\"ImageObject\",\"inLanguage\":\"ro-RO\",\"@id\":\"https:\/\/amiciimuzeuluizalau.ro\/croco\/#\/schema\/logo\/image\/\",\"url\":\"http:\/\/amiciimuzeuluizalau.ro\/croco\/wp-content\/uploads\/2014\/11\/sigla_final-011.jpg\",\"contentUrl\":\"http:\/\/amiciimuzeuluizalau.ro\/croco\/wp-content\/uploads\/2014\/11\/sigla_final-011.jpg\",\"width\":3508,\"height\":2480,\"caption\":\"Asocia\u021bia Amicii Muzeului Zal\u0103u\"},\"image\":{\"@id\":\"https:\/\/amiciimuzeuluizalau.ro\/croco\/#\/schema\/logo\/image\/\"}}]}<\/script>\n<!-- \/ Yoast SEO plugin. -->","yoast_head_json":{"title":"GRUPURI - Grupurile de reconstituire istoric\u0103 din cadrul","description":"GRUPURI :LEGIO VII GEMINA FELIX PIA FIDELIS NVMERVS PALMYRENORVM POROLISSENSIVM SAGITTARIORVM CIVIVM ROMANORVM LUPII DACIEI MAGNA SARMATIA","robots":{"index":"index","follow":"follow","max-snippet":"max-snippet:-1","max-image-preview":"max-image-preview:large","max-video-preview":"max-video-preview:-1"},"canonical":"http:\/\/amiciimuzeuluizalau.ro\/croco\/grupuri\/","og_locale":"ro_RO","og_type":"article","og_title":"GRUPURI - Grupurile de reconstituire istoric\u0103 din cadrul","og_description":"GRUPURI :LEGIO VII GEMINA FELIX PIA FIDELIS NVMERVS PALMYRENORVM POROLISSENSIVM SAGITTARIORVM CIVIVM ROMANORVM LUPII DACIEI MAGNA SARMATIA","og_url":"http:\/\/amiciimuzeuluizalau.ro\/croco\/grupuri\/","og_site_name":"ASOCIA\u021aIA AMICII MUZEULUI - ZAL\u0102U","article_modified_time":"2019-02-14T05:59:08+00:00","og_image":[{"width":1024,"height":678,"url":"http:\/\/amiciimuzeuluizalau.ro\/croco\/wp-content\/uploads\/2014\/11\/DSC_0580-1024x678.jpg","type":"image\/jpeg"}],"twitter_misc":{"Timp estimat pentru citire":"2 minute"},"schema":{"@context":"https:\/\/schema.org","@graph":[{"@type":"WebPage","@id":"http:\/\/amiciimuzeuluizalau.ro\/croco\/grupuri\/","url":"http:\/\/amiciimuzeuluizalau.ro\/croco\/grupuri\/","name":"GRUPURI - Grupurile de reconstituire istoric\u0103 din cadrul","isPartOf":{"@id":"https:\/\/amiciimuzeuluizalau.ro\/croco\/#website"},"primaryImageOfPage":{"@id":"http:\/\/amiciimuzeuluizalau.ro\/croco\/grupuri\/#primaryimage"},"image":{"@id":"http:\/\/amiciimuzeuluizalau.ro\/croco\/grupuri\/#primaryimage"},"thumbnailUrl":"http:\/\/amiciimuzeuluizalau.ro\/croco\/wp-content\/uploads\/2014\/11\/DSC_0580.jpg","datePublished":"2014-11-06T08:06:55+00:00","dateModified":"2019-02-14T05:59:08+00:00","description":"GRUPURI :LEGIO VII GEMINA FELIX PIA FIDELIS NVMERVS PALMYRENORVM POROLISSENSIVM SAGITTARIORVM CIVIVM ROMANORVM LUPII DACIEI MAGNA SARMATIA","breadcrumb":{"@id":"http:\/\/amiciimuzeuluizalau.ro\/croco\/grupuri\/#breadcrumb"},"inLanguage":"ro-RO","potentialAction":[{"@type":"ReadAction","target":["http:\/\/amiciimuzeuluizalau.ro\/croco\/grupuri\/"]}]},{"@type":"ImageObject","inLanguage":"ro-RO","@id":"http:\/\/amiciimuzeuluizalau.ro\/croco\/grupuri\/#primaryimage","url":"http:\/\/amiciimuzeuluizalau.ro\/croco\/wp-content\/uploads\/2014\/11\/DSC_0580.jpg","contentUrl":"http:\/\/amiciimuzeuluizalau.ro\/croco\/wp-content\/uploads\/2014\/11\/DSC_0580.jpg","width":2200,"height":1457},{"@type":"BreadcrumbList","@id":"http:\/\/amiciimuzeuluizalau.ro\/croco\/grupuri\/#breadcrumb","itemListElement":[{"@type":"ListItem","position":1,"name":"Home","item":"https:\/\/amiciimuzeuluizalau.ro\/croco\/"},{"@type":"ListItem","position":2,"name":"GRUPURI"}]},{"@type":"WebSite","@id":"https:\/\/amiciimuzeuluizalau.ro\/croco\/#website","url":"https:\/\/amiciimuzeuluizalau.ro\/croco\/","name":"ASOCIA\u021aIA AMICII MUZEULUI - ZAL\u0102U","description":"EDUCA\u021aIE PRIN ISTORIE","publisher":{"@id":"https:\/\/amiciimuzeuluizalau.ro\/croco\/#organization"},"potentialAction":[{"@type":"SearchAction","target":{"@type":"EntryPoint","urlTemplate":"https:\/\/amiciimuzeuluizalau.ro\/croco\/?s={search_term_string}"},"query-input":{"@type":"PropertyValueSpecification","valueRequired":true,"valueName":"search_term_string"}}],"inLanguage":"ro-RO"},{"@type":"Organization","@id":"https:\/\/amiciimuzeuluizalau.ro\/croco\/#organization","name":"Asocia\u021bia Amicii Muzeului Zal\u0103u","url":"https:\/\/amiciimuzeuluizalau.ro\/croco\/","logo":{"@type":"ImageObject","inLanguage":"ro-RO","@id":"https:\/\/amiciimuzeuluizalau.ro\/croco\/#\/schema\/logo\/image\/","url":"http:\/\/amiciimuzeuluizalau.ro\/croco\/wp-content\/uploads\/2014\/11\/sigla_final-011.jpg","contentUrl":"http:\/\/amiciimuzeuluizalau.ro\/croco\/wp-content\/uploads\/2014\/11\/sigla_final-011.jpg","width":3508,"height":2480,"caption":"Asocia\u021bia Amicii Muzeului Zal\u0103u"},"image":{"@id":"https:\/\/amiciimuzeuluizalau.ro\/croco\/#\/schema\/logo\/image\/"}}]}},"_links":{"self":[{"href":"http:\/\/amiciimuzeuluizalau.ro\/croco\/wp-json\/wp\/v2\/pages\/2","targetHints":{"allow":["GET"]}}],"collection":[{"href":"http:\/\/amiciimuzeuluizalau.ro\/croco\/wp-json\/wp\/v2\/pages"}],"about":[{"href":"http:\/\/amiciimuzeuluizalau.ro\/croco\/wp-json\/wp\/v2\/types\/page"}],"author":[{"embeddable":true,"href":"http:\/\/amiciimuzeuluizalau.ro\/croco\/wp-json\/wp\/v2\/users\/1"}],"replies":[{"embeddable":true,"href":"http:\/\/amiciimuzeuluizalau.ro\/croco\/wp-json\/wp\/v2\/comments?post=2"}],"version-history":[{"count":36,"href":"http:\/\/amiciimuzeuluizalau.ro\/croco\/wp-json\/wp\/v2\/pages\/2\/revisions"}],"predecessor-version":[{"id":3074,"href":"http:\/\/amiciimuzeuluizalau.ro\/croco\/wp-json\/wp\/v2\/pages\/2\/revisions\/3074"}],"wp:featuredmedia":[{"embeddable":true,"href":"http:\/\/amiciimuzeuluizalau.ro\/croco\/wp-json\/wp\/v2\/media\/1079"}],"wp:attachment":[{"href":"http:\/\/amiciimuzeuluizalau.ro\/croco\/wp-json\/wp\/v2\/media?parent=2"}],"curies":[{"name":"wp","href":"https:\/\/api.w.org\/{rel}","templated":true}]}}