{"id":19,"date":"2014-11-09T18:10:44","date_gmt":"2014-11-09T18:10:44","guid":{"rendered":"http:\/\/amiciimuzeuluizalau.ro\/croco\/?page_id=19"},"modified":"2019-02-12T11:33:31","modified_gmt":"2019-02-12T09:33:31","slug":"bun-venit","status":"publish","type":"page","link":"http:\/\/amiciimuzeuluizalau.ro\/croco\/","title":{"rendered":"BUN VENIT!"},"content":{"rendered":"<p><a href=\"http:\/\/amiciimuzeuluizalau.ro\/croco\/wp-content\/uploads\/2014\/11\/sigla_final-01.jpg\"><img loading=\"lazy\" decoding=\"async\" class=\"alignnone size-thumbnail wp-image-226\" src=\"http:\/\/amiciimuzeuluizalau.ro\/croco\/wp-content\/uploads\/2014\/11\/sigla_final-01-150x150.jpg\" alt=\"sigla_final-01\" width=\"150\" height=\"150\"><\/a><a href=\"http:\/\/amiciimuzeuluizalau.ro\/croco\/wp-content\/uploads\/2014\/11\/10612831_808154422561979_6383270685813997899_n.jpg\"><img loading=\"lazy\" decoding=\"async\" class=\"alignnone size-thumbnail wp-image-17\" src=\"http:\/\/amiciimuzeuluizalau.ro\/croco\/wp-content\/uploads\/2014\/11\/10612831_808154422561979_6383270685813997899_n-150x150.jpg\" alt=\"10612831_808154422561979_6383270685813997899_n\" width=\"150\" height=\"150\"><\/a><a href=\"http:\/\/amiciimuzeuluizalau.ro\/croco\/wp-content\/uploads\/2014\/11\/SOC2298.jpg\"><img loading=\"lazy\" decoding=\"async\" class=\"alignnone size-thumbnail wp-image-1071\" src=\"http:\/\/amiciimuzeuluizalau.ro\/croco\/wp-content\/uploads\/2014\/11\/SOC2298-150x150.jpg\" alt=\"_SOC2298\" width=\"150\" height=\"150\"><\/a><\/p>\n<p>&nbsp;<\/p>\n<p><strong><em>&nbsp; &nbsp; &nbsp; &nbsp; &nbsp; &nbsp;<\/em><\/strong><strong><em>&nbsp;&nbsp;&nbsp; ASOCIA\u0162IA AMICII MUZEULUI &#8211; ZAL\u0102U<\/em><\/strong><\/p>\n<p><em>&nbsp;<\/em>ASOCIA\u0162IA AMICII MUZEULUI din Zal\u0103u este persoan\u0103 juridic\u0103 de drept privat f\u0103r\u0103 scop patrimonial, apolitic\u0103, nonguvernamental\u0103 \u015fi urm\u0103re\u015fte exclusiv scopul pentru care se constituie. Scopul asocia\u0163iei \u00eel constituie:<strong>&nbsp;<em>promovarea culturii \u015fi a valorilor<\/em><\/strong><em> <strong>patrimoniale cu reprezentare regional\u0103.<\/strong><\/em><\/p>\n<p><strong><em>Tipuri de activit\u0103\u0163i pe care&nbsp;<\/em><\/strong><strong><em>Asocia\u0163ia <\/em><\/strong><\/p>\n<p><strong><em>Amicii Muzeului &#8211; Zal\u0103u le desf\u0103\u015foar\u0103:&nbsp;<\/em><\/strong><\/p>\n<ol>\n<li>reconstituiri istorice<\/li>\n<li>lans\u0103ri de carte<\/li>\n<li>parteneri \u00een organizarea unor expozi\u0163ii<\/li>\n<li>organiz\u0103ri simpozioane<\/li>\n<li>proiecte educa\u0163ionale<\/li>\n<li>prelegeri \u015ftiin\u0163ifice<\/li>\n<li>prezent\u0103ri de replici dup\u0103 vestimenta\u0163ia antic\u0103<\/li>\n<li>concursuri cu teme istorice pentru copii<\/li>\n<li>parteneri \u00een cadrul unor proiecte culturale<\/li>\n<li>particip\u0103ri la t\u00e2rguri de turism<\/li>\n<li>particip\u0103ri la competi\u0163ii cu specific gastronomic<\/li>\n<li>consultan\u0163\u0103 \u015ftiin\u0163ific\u0103 pe teme de istorie \u015fi reconstituiri istorice<\/li>\n<\/ol>\n","protected":false},"excerpt":{"rendered":"<p>&nbsp; &nbsp; &nbsp; &nbsp; &nbsp; &nbsp; &nbsp;&nbsp;&nbsp;&nbsp; ASOCIA&#354;IA AMICII MUZEULUI [&hellip;]<\/p>\n","protected":false},"author":1,"featured_media":0,"parent":0,"menu_order":1,"comment_status":"closed","ping_status":"open","template":"","meta":{"ngg_post_thumbnail":0,"footnotes":""},"class_list":["post-19","page","type-page","status-publish","hentry"],"yoast_head":"<!-- This site is optimized with the Yoast SEO plugin v27.0 - https:\/\/yoast.com\/product\/yoast-seo-wordpress\/ -->\n<title>BUN VENIT pe site-ul Asociatiei Amicii Muzeului Zalau!<\/title>\n<meta name=\"description\" content=\"ASOCIA\u0162IA AMICII MUZEULUI din Zal\u0103u este persoan\u0103 juridic\u0103 de drept privat f\u0103r\u0103 scop patrimonial promovarea culturii \u015fi a valorilor\" \/>\n<meta name=\"robots\" content=\"index, follow, max-snippet:-1, max-image-preview:large, max-video-preview:-1\" \/>\n<link rel=\"canonical\" href=\"http:\/\/amiciimuzeuluizalau.ro\/croco\/\" \/>\n<meta property=\"og:locale\" content=\"ro_RO\" \/>\n<meta property=\"og:type\" content=\"article\" \/>\n<meta property=\"og:title\" content=\"BUN VENIT pe site-ul Asociatiei Amicii Muzeului Zalau!\" \/>\n<meta property=\"og:description\" content=\"ASOCIA\u0162IA AMICII MUZEULUI din Zal\u0103u este persoan\u0103 juridic\u0103 de drept privat f\u0103r\u0103 scop patrimonial promovarea culturii \u015fi a valorilor\" \/>\n<meta property=\"og:url\" content=\"http:\/\/amiciimuzeuluizalau.ro\/croco\/\" \/>\n<meta property=\"og:site_name\" content=\"ASOCIA\u021aIA AMICII MUZEULUI - ZAL\u0102U\" \/>\n<meta property=\"article:modified_time\" content=\"2019-02-12T09:33:31+00:00\" \/>\n<meta property=\"og:image\" content=\"http:\/\/amiciimuzeuluizalau.ro\/croco\/wp-content\/uploads\/2014\/11\/sigla_final-01-150x150.jpg\" \/>\n<meta name=\"twitter:label1\" content=\"Timp estimat pentru citire\" \/>\n\t<meta name=\"twitter:data1\" content=\"1 minut\" \/>\n<script type=\"application\/ld+json\" class=\"yoast-schema-graph\">{\"@context\":\"https:\/\/schema.org\",\"@graph\":[{\"@type\":\"WebPage\",\"@id\":\"http:\/\/amiciimuzeuluizalau.ro\/croco\/\",\"url\":\"http:\/\/amiciimuzeuluizalau.ro\/croco\/\",\"name\":\"BUN VENIT pe site-ul Asociatiei Amicii Muzeului Zalau!\",\"isPartOf\":{\"@id\":\"http:\/\/amiciimuzeuluizalau.ro\/croco\/#website\"},\"primaryImageOfPage\":{\"@id\":\"http:\/\/amiciimuzeuluizalau.ro\/croco\/#primaryimage\"},\"image\":{\"@id\":\"http:\/\/amiciimuzeuluizalau.ro\/croco\/#primaryimage\"},\"thumbnailUrl\":\"http:\/\/amiciimuzeuluizalau.ro\/croco\/wp-content\/uploads\/2014\/11\/sigla_final-01-150x150.jpg\",\"datePublished\":\"2014-11-09T18:10:44+00:00\",\"dateModified\":\"2019-02-12T09:33:31+00:00\",\"description\":\"ASOCIA\u0162IA AMICII MUZEULUI din Zal\u0103u este persoan\u0103 juridic\u0103 de drept privat f\u0103r\u0103 scop patrimonial promovarea culturii \u015fi a valorilor\",\"breadcrumb\":{\"@id\":\"http:\/\/amiciimuzeuluizalau.ro\/croco\/#breadcrumb\"},\"inLanguage\":\"ro-RO\",\"potentialAction\":[{\"@type\":\"ReadAction\",\"target\":[\"http:\/\/amiciimuzeuluizalau.ro\/croco\/\"]}]},{\"@type\":\"ImageObject\",\"inLanguage\":\"ro-RO\",\"@id\":\"http:\/\/amiciimuzeuluizalau.ro\/croco\/#primaryimage\",\"url\":\"http:\/\/amiciimuzeuluizalau.ro\/croco\/wp-content\/uploads\/2014\/11\/sigla_final-01.jpg\",\"contentUrl\":\"http:\/\/amiciimuzeuluizalau.ro\/croco\/wp-content\/uploads\/2014\/11\/sigla_final-01.jpg\",\"width\":3508,\"height\":2480},{\"@type\":\"BreadcrumbList\",\"@id\":\"http:\/\/amiciimuzeuluizalau.ro\/croco\/#breadcrumb\",\"itemListElement\":[{\"@type\":\"ListItem\",\"position\":1,\"name\":\"Home\",\"item\":\"http:\/\/amiciimuzeuluizalau.ro\/croco\/\"},{\"@type\":\"ListItem\",\"position\":2,\"name\":\"BUN VENIT!\"}]},{\"@type\":\"WebSite\",\"@id\":\"http:\/\/amiciimuzeuluizalau.ro\/croco\/#website\",\"url\":\"http:\/\/amiciimuzeuluizalau.ro\/croco\/\",\"name\":\"ASOCIA\u021aIA AMICII MUZEULUI - ZAL\u0102U\",\"description\":\"EDUCA\u021aIE PRIN ISTORIE\",\"publisher\":{\"@id\":\"http:\/\/amiciimuzeuluizalau.ro\/croco\/#organization\"},\"potentialAction\":[{\"@type\":\"SearchAction\",\"target\":{\"@type\":\"EntryPoint\",\"urlTemplate\":\"http:\/\/amiciimuzeuluizalau.ro\/croco\/?s={search_term_string}\"},\"query-input\":{\"@type\":\"PropertyValueSpecification\",\"valueRequired\":true,\"valueName\":\"search_term_string\"}}],\"inLanguage\":\"ro-RO\"},{\"@type\":\"Organization\",\"@id\":\"http:\/\/amiciimuzeuluizalau.ro\/croco\/#organization\",\"name\":\"Asocia\u021bia Amicii Muzeului Zal\u0103u\",\"url\":\"http:\/\/amiciimuzeuluizalau.ro\/croco\/\",\"logo\":{\"@type\":\"ImageObject\",\"inLanguage\":\"ro-RO\",\"@id\":\"http:\/\/amiciimuzeuluizalau.ro\/croco\/#\/schema\/logo\/image\/\",\"url\":\"http:\/\/amiciimuzeuluizalau.ro\/croco\/wp-content\/uploads\/2014\/11\/sigla_final-011.jpg\",\"contentUrl\":\"http:\/\/amiciimuzeuluizalau.ro\/croco\/wp-content\/uploads\/2014\/11\/sigla_final-011.jpg\",\"width\":3508,\"height\":2480,\"caption\":\"Asocia\u021bia Amicii Muzeului Zal\u0103u\"},\"image\":{\"@id\":\"http:\/\/amiciimuzeuluizalau.ro\/croco\/#\/schema\/logo\/image\/\"}}]}<\/script>\n<!-- \/ Yoast SEO plugin. -->","yoast_head_json":{"title":"BUN VENIT pe site-ul Asociatiei Amicii Muzeului Zalau!","description":"ASOCIA\u0162IA AMICII MUZEULUI din Zal\u0103u este persoan\u0103 juridic\u0103 de drept privat f\u0103r\u0103 scop patrimonial promovarea culturii \u015fi a valorilor","robots":{"index":"index","follow":"follow","max-snippet":"max-snippet:-1","max-image-preview":"max-image-preview:large","max-video-preview":"max-video-preview:-1"},"canonical":"http:\/\/amiciimuzeuluizalau.ro\/croco\/","og_locale":"ro_RO","og_type":"article","og_title":"BUN VENIT pe site-ul Asociatiei Amicii Muzeului Zalau!","og_description":"ASOCIA\u0162IA AMICII MUZEULUI din Zal\u0103u este persoan\u0103 juridic\u0103 de drept privat f\u0103r\u0103 scop patrimonial promovarea culturii \u015fi a valorilor","og_url":"http:\/\/amiciimuzeuluizalau.ro\/croco\/","og_site_name":"ASOCIA\u021aIA AMICII MUZEULUI - ZAL\u0102U","article_modified_time":"2019-02-12T09:33:31+00:00","og_image":[{"url":"http:\/\/amiciimuzeuluizalau.ro\/croco\/wp-content\/uploads\/2014\/11\/sigla_final-01-150x150.jpg","type":"","width":"","height":""}],"twitter_misc":{"Timp estimat pentru citire":"1 minut"},"schema":{"@context":"https:\/\/schema.org","@graph":[{"@type":"WebPage","@id":"http:\/\/amiciimuzeuluizalau.ro\/croco\/","url":"http:\/\/amiciimuzeuluizalau.ro\/croco\/","name":"BUN VENIT pe site-ul Asociatiei Amicii Muzeului Zalau!","isPartOf":{"@id":"http:\/\/amiciimuzeuluizalau.ro\/croco\/#website"},"primaryImageOfPage":{"@id":"http:\/\/amiciimuzeuluizalau.ro\/croco\/#primaryimage"},"image":{"@id":"http:\/\/amiciimuzeuluizalau.ro\/croco\/#primaryimage"},"thumbnailUrl":"http:\/\/amiciimuzeuluizalau.ro\/croco\/wp-content\/uploads\/2014\/11\/sigla_final-01-150x150.jpg","datePublished":"2014-11-09T18:10:44+00:00","dateModified":"2019-02-12T09:33:31+00:00","description":"ASOCIA\u0162IA AMICII MUZEULUI din Zal\u0103u este persoan\u0103 juridic\u0103 de drept privat f\u0103r\u0103 scop patrimonial promovarea culturii \u015fi a valorilor","breadcrumb":{"@id":"http:\/\/amiciimuzeuluizalau.ro\/croco\/#breadcrumb"},"inLanguage":"ro-RO","potentialAction":[{"@type":"ReadAction","target":["http:\/\/amiciimuzeuluizalau.ro\/croco\/"]}]},{"@type":"ImageObject","inLanguage":"ro-RO","@id":"http:\/\/amiciimuzeuluizalau.ro\/croco\/#primaryimage","url":"http:\/\/amiciimuzeuluizalau.ro\/croco\/wp-content\/uploads\/2014\/11\/sigla_final-01.jpg","contentUrl":"http:\/\/amiciimuzeuluizalau.ro\/croco\/wp-content\/uploads\/2014\/11\/sigla_final-01.jpg","width":3508,"height":2480},{"@type":"BreadcrumbList","@id":"http:\/\/amiciimuzeuluizalau.ro\/croco\/#breadcrumb","itemListElement":[{"@type":"ListItem","position":1,"name":"Home","item":"http:\/\/amiciimuzeuluizalau.ro\/croco\/"},{"@type":"ListItem","position":2,"name":"BUN VENIT!"}]},{"@type":"WebSite","@id":"http:\/\/amiciimuzeuluizalau.ro\/croco\/#website","url":"http:\/\/amiciimuzeuluizalau.ro\/croco\/","name":"ASOCIA\u021aIA AMICII MUZEULUI - ZAL\u0102U","description":"EDUCA\u021aIE PRIN ISTORIE","publisher":{"@id":"http:\/\/amiciimuzeuluizalau.ro\/croco\/#organization"},"potentialAction":[{"@type":"SearchAction","target":{"@type":"EntryPoint","urlTemplate":"http:\/\/amiciimuzeuluizalau.ro\/croco\/?s={search_term_string}"},"query-input":{"@type":"PropertyValueSpecification","valueRequired":true,"valueName":"search_term_string"}}],"inLanguage":"ro-RO"},{"@type":"Organization","@id":"http:\/\/amiciimuzeuluizalau.ro\/croco\/#organization","name":"Asocia\u021bia Amicii Muzeului Zal\u0103u","url":"http:\/\/amiciimuzeuluizalau.ro\/croco\/","logo":{"@type":"ImageObject","inLanguage":"ro-RO","@id":"http:\/\/amiciimuzeuluizalau.ro\/croco\/#\/schema\/logo\/image\/","url":"http:\/\/amiciimuzeuluizalau.ro\/croco\/wp-content\/uploads\/2014\/11\/sigla_final-011.jpg","contentUrl":"http:\/\/amiciimuzeuluizalau.ro\/croco\/wp-content\/uploads\/2014\/11\/sigla_final-011.jpg","width":3508,"height":2480,"caption":"Asocia\u021bia Amicii Muzeului Zal\u0103u"},"image":{"@id":"http:\/\/amiciimuzeuluizalau.ro\/croco\/#\/schema\/logo\/image\/"}}]}},"_links":{"self":[{"href":"http:\/\/amiciimuzeuluizalau.ro\/croco\/wp-json\/wp\/v2\/pages\/19","targetHints":{"allow":["GET"]}}],"collection":[{"href":"http:\/\/amiciimuzeuluizalau.ro\/croco\/wp-json\/wp\/v2\/pages"}],"about":[{"href":"http:\/\/amiciimuzeuluizalau.ro\/croco\/wp-json\/wp\/v2\/types\/page"}],"author":[{"embeddable":true,"href":"http:\/\/amiciimuzeuluizalau.ro\/croco\/wp-json\/wp\/v2\/users\/1"}],"replies":[{"embeddable":true,"href":"http:\/\/amiciimuzeuluizalau.ro\/croco\/wp-json\/wp\/v2\/comments?post=19"}],"version-history":[{"count":140,"href":"http:\/\/amiciimuzeuluizalau.ro\/croco\/wp-json\/wp\/v2\/pages\/19\/revisions"}],"predecessor-version":[{"id":2654,"href":"http:\/\/amiciimuzeuluizalau.ro\/croco\/wp-json\/wp\/v2\/pages\/19\/revisions\/2654"}],"wp:attachment":[{"href":"http:\/\/amiciimuzeuluizalau.ro\/croco\/wp-json\/wp\/v2\/media?parent=19"}],"curies":[{"name":"wp","href":"https:\/\/api.w.org\/{rel}","templated":true}]}}